{"id":21093,"date":"2024-04-18T13:40:28","date_gmt":"2024-04-18T10:40:28","guid":{"rendered":"https:\/\/soul2sevenshop.com\/?page_id=21093"},"modified":"2024-04-18T13:49:02","modified_gmt":"2024-04-18T10:49:02","slug":"guvenlik-gizlilik-ve-kisisel-verilerin-korunmasi","status":"publish","type":"page","link":"https:\/\/soul2sevenshop.com\/?page_id=21093","title":{"rendered":"G\u00fcvenlik, Gizlilik ve Ki\u015fisel Verilerin Korunmas\u0131"},"content":{"rendered":"\n<p>Alka S\u0131lver Tak\u0131 Hediyelik E\u015fya Pazarlama ve Ticaret Limited \u015eirketi <strong>(\u201cAlka\u201d) <\/strong>firmas\u0131 olarak \u201cSoul2seven\u201d markas\u0131 ad\u0131 alt\u0131nda yapt\u0131\u011f\u0131m\u0131z faaliyetler ve t\u00fcm faaliyetlerimizde (\u201c<strong>Soul2seven<\/strong>\u201d) olarak ki\u015fisel verilerin korunmas\u0131 en \u00f6nemli \u00f6ncelikleri aras\u0131ndad\u0131r. Bu itibarla,&nbsp;<strong>Soul2seven, 6698 say\u0131l\u0131 Ki\u015fisel Verilerin Korunmas\u0131 Kanunu\u2019nun (\u201cKVKK\u201d) 10. maddesinden do\u011fan ayd\u0131nlatma y\u00fck\u00fcml\u00fcl\u00fc\u011f\u00fcn\u00fc yerine getirmek amac\u0131yla a\u015fa\u011f\u0131daki a\u00e7\u0131klamalar\u0131 siz de\u011ferli m\u00fc\u015fterilerimizin, tedarik\u00e7ilerimizin ve web-sitemizi kullanan t\u00fcm ilgililerin dikkatine sunar.<\/strong><\/p>\n\n\n\n<p><strong>1. Soul2seven\u2019un ki\u015fisel verileri toplamas\u0131n\u0131n yasal dayana\u011f\u0131 nedir?<\/strong><\/p>\n\n\n\n<p>M\u00fc\u015fterilerimizin ve web sitemizi kullanan 3. Ki\u015filerin ki\u015fisel verileri T\u00fcrkiye Cumhuriyeti Anayasas\u0131 ba\u015fta olmak \u00fczere, KVKK, T\u00fcrk Ceza Kanunu ve ilgili mevzuatta yer alan h\u00fck\u00fcmlere uygun i\u015flenmektedir. Web sitemizden al\u0131\u015fveri\u015f yapan m\u00fc\u015fterilerimizin verileri ise ayr\u0131ca 6563 say\u0131l\u0131 Elektronik Ticaretin D\u00fczenlenmesi Hakk\u0131nda Kanun h\u00fck\u00fcmlerine uygun olarak da i\u015flenmektedir.<\/p>\n\n\n\n<p><strong>2. Soul2seven ki\u015fisel verilerin toplanmas\u0131nda hangi y\u00f6ntemleri kullan\u0131yor?<\/strong><\/p>\n\n\n\n<p>Ki\u015fisel verileriniz, Soul2seven taraf\u0131ndan sunulan hizmet, \u00fcr\u00fcn ya da ticari faaliyetin niteli\u011fi itibariyle farkl\u0131l\u0131k g\u00f6sterebilmekle birlikte otomatik ya da otomatik olmayan y\u00f6ntemlerle, ma\u011fazalar, \u00e7a\u011fr\u0131 merkezi, ma\u011fazalar\u0131m\u0131zda bulunan m\u00fc\u015fteri hizmetleri birimleri, web sitesi, sosyal medya mecralar\u0131, sadakat programlar\u0131 ba\u015fvurular\u0131 gibi vas\u0131talarla s\u00f6zl\u00fc, yaz\u0131l\u0131 ve elektronik olarak, m\u00fc\u015fterilerimizin r\u0131zalar\u0131 ve mevzuat h\u00fck\u00fcmleri uyar\u0131nca i\u015flenmektedir.<\/p>\n\n\n\n<p>Hat\u0131rlatmak isteriz ki,&nbsp;Soul2seven\u2019a ait olan https:\/\/www.Soul2seven.com\/ internet sitesi \u00e7erez (cookie) kullanan bir sitedir.&nbsp;<a href=\"https:\/\/www.soul2sevenshop.com\/\">https:\/\/www.soul2sevenshop.com\/<\/a>&nbsp;ziyaret\u00e7ilerine daha iyi hizmet verebilmek, ziyaret\u00e7ilerini ve \u00fcyelerini \u00fcyelik ve al\u0131\u015fveri\u015f platformunun faydalar\u0131ndan istifade ettirmek amac\u0131yla ve yasal y\u00fck\u00fcml\u00fcl\u00fc\u011f\u00fc \u00e7er\u00e7evesinde, i\u015fbu Gizlilik\/Ki\u015fisel Verilerin Korunmas\u0131 Hakk\u0131nda A\u00e7\u0131klama ile belirlenen ama\u00e7lar ve kapsam d\u0131\u015f\u0131nda kullan\u0131lmamak kayd\u0131 ile gezinme bilgilerinizi toplayacak, i\u015fleyecek, \u00fc\u00e7\u00fcnc\u00fc ki\u015filerle payla\u015facak ve g\u00fcvenli olarak saklayacakt\u0131r. Gezinme bilgilerinizi toplama amac\u0131yla kulland\u0131\u011f\u0131m\u0131z \u00e7erezler (cookie) hakk\u0131nda bilgi, internet sitesine ilk defa giri\u015f yapt\u0131\u011f\u0131n\u0131zda veya mobil uygulamas\u0131n\u0131 telefonunuza veya tabletinize y\u00fckledi\u011finizde \u201ca\u00e7\u0131l\u0131r pencere (pop-up ekran)\u201d ile verilecektir.<\/p>\n\n\n\n<p><a href=\"https:\/\/www.soul2sevenshop.com\/\">https:\/\/www.soul2sevenshop.com\/<\/a>&nbsp;size \u00f6zel tan\u0131t\u0131m yapmak, promosyonlar ve pazarlama teklifleri sunmak, web sitesinin veya mobil uygulaman\u0131n i\u00e7eri\u011fini size g\u00f6re iyile\u015ftirmek ve\/veya tercihlerinizi belirlemek amac\u0131yla; site \u00fczerinde gezinme bilgilerinizi ve\/veya site \u00fczerindeki \u00fcyelik kullan\u0131m ge\u00e7mi\u015finizi izlemektedir.<\/p>\n\n\n\n<p>\u0130nternet taray\u0131c\u0131n\u0131z\u0131n &#8220;yard\u0131m&#8221; dosyas\u0131nda verilen talimatlar\u0131 izleyerek veya \u201cwww.allaboutcookies.org\u201d veya \u201cwww.youronlinechoices.eu\u201d adresini ziyaret ederek kal\u0131c\u0131 \u00e7erezleri kald\u0131rabilir ve hem oturum \u00e7erezlerini hem de kal\u0131c\u0131 \u00e7erezleri reddedebilirsiniz. Kal\u0131c\u0131 \u00e7erezleri veya oturum \u00e7erezlerini reddederseniz, web sitesini kullanmaya devam edebilirsiniz, fakat web sitesinin, t\u00fcm i\u015flevlerine eri\u015femeyebilirsiniz veya eri\u015fiminiz s\u0131n\u0131rl\u0131 olabilir.<\/p>\n\n\n\n<p>Alka sahibi oldu\u011fu&nbsp;<a href=\"https:\/\/www.soul2sevenshop.com\/\">https:\/\/www.soul2sevenshop.com\/<\/a>&nbsp;arac\u0131l\u0131\u011f\u0131yla bu siteleri ziyaret eden ki\u015filerin ziyaret ama\u00e7lar\u0131yla uygun bir \u015fekilde sitelerdeki ziyaretlerini ger\u00e7ekle\u015ftirmelerini temin etmek; kendilerine \u00f6zelle\u015ftirilmi\u015f i\u00e7erikler g\u00f6sterebilmek amac\u0131yla site i\u00e7erisindeki internet hareketlerini kaydedebilmektedir.<\/p>\n\n\n\n<p><strong>3. Soul2seven ki\u015fisel verileri hangi ama\u00e7larla kullan\u0131yor?<\/strong><\/p>\n\n\n\n<p>Soul2seven, mevzuat\u0131n izin verdi\u011fi durumlarda ve \u00f6l\u00e7\u00fcde ki\u015fisel bilgilerinizi kaydedebilecek, saklayabilecek, g\u00fcncelleyebilecek, \u00fc\u00e7\u00fcnc\u00fc ki\u015filere a\u00e7\u0131klayabilecek, devredebilecek, s\u0131n\u0131fland\u0131rabilecek ve i\u015fleyebilecektir.<\/p>\n\n\n\n<p>Ki\u015fisel verileriniz \u015fu ama\u00e7larla i\u015flemekteyiz:<\/p>\n\n\n\n<ul class=\"wp-block-list\">\n<li>i\u015flem yapan\u0131n\/yapt\u0131ran\u0131n kimlik bilgilerini teyit etmek,<\/li>\n\n\n\n<li>ileti\u015fim i\u00e7in adres ve di\u011fer gerekli bilgileri kaydetmek,<\/li>\n\n\n\n<li>elektronik (internet \/ mobil vs.) veya ka\u011f\u0131t ortam\u0131nda i\u015fleme dayanak olacak t\u00fcm kay\u0131t ve belgeleri d\u00fczenlemek,<\/li>\n\n\n\n<li>sat\u0131\u015f s\u00f6zle\u015fmesinin ifas\u0131, mesafeli sat\u0131\u015f s\u00f6zle\u015fmesinin ifas\u0131 ve y\u00fcr\u00fcrl\u00fckteki mevzuat uyar\u0131nca fatura d\u00fczenlemek, m\u00fc\u015fterilerimizin y\u00fcr\u00fcrl\u00fckteki mevzuattan kaynakl\u0131 haklar\u0131n\u0131 (cayma hakk\u0131, se\u00e7imlik haklar\u0131 vb.) tam ve gere\u011fi gibi kullanabilmelerini temin etmek,<\/li>\n\n\n\n<li>m\u00fc\u015fterilerimize a\u00e7\u0131k r\u0131za vermeleri halinde ki\u015fiselle\u015ftirilmi\u015f reklam, kampanya ve di\u011fer faydalar\u0131n sunulmas\u0131, elde edilen veriler do\u011frultusunda m\u00fc\u015fteri segmentasyonu yapmak, anket ve tele sat\u0131\u015f uygulamalar\u0131, veri madencili\u011fi ve, m\u00fc\u015fteri veri kalitesini geli\u015ftirmek ve iyile\u015ftirmek, m\u00fc\u015fteri y\u00f6netimine y\u00f6nelik sadakat i\u015flemleri, \u00e7apraz sat\u0131\u015f ve kaybedilen m\u00fc\u015fteriyi tekrar kazanma aksiyonlar\u0131 tasarlamak ve y\u00f6netimini ger\u00e7ekle\u015ftirmek,<\/li>\n\n\n\n<li>\u00fcr\u00fcn ve hizmetlerimiz ile ilgili m\u00fc\u015fteri \u015fikayet ve \u00f6nerilerini de\u011ferlendirebilmek,<\/li>\n\n\n\n<li>Soul2seven\u2019a ait ma\u011fazalar\u0131n, binalar\u0131n, tesislerin g\u00fcvenli\u011fini ve denetimini sa\u011flamak,<\/li>\n\n\n\n<li>Soul2seven\u2019un ticari ve i\u015f stratejilerinin belirlemek ve uygulamak,<\/li>\n\n\n\n<li>KVKK\u2019dan do\u011fan y\u00fck\u00fcml\u00fcl\u00fcklerimizi yerine getirebilmek ve mevzuattan do\u011fan haklar\u0131m\u0131z\u0131 kullanabilmek.<\/li>\n<\/ul>\n\n\n\n<p><strong>4. Soul2seven ki\u015fisel verilerinizi nas\u0131l koruyor?<\/strong><\/p>\n\n\n\n<p>Soul2seven ki\u015fisel verilerin i\u015flenmesinde<\/p>\n\n\n\n<p>I) hukuka ve d\u00fcr\u00fcstl\u00fck kurallar\u0131na uygun olma<\/p>\n\n\n\n<p>II) do\u011fru ve gerekti\u011finde g\u00fcncel olma<\/p>\n\n\n\n<p>III) belirli, a\u00e7\u0131k ve me\u015fru ama\u00e7lar i\u00e7in i\u015flenme<\/p>\n\n\n\n<p>IV) i\u015flendikleri ama\u00e7la ba\u011flant\u0131l\u0131, s\u0131n\u0131rl\u0131 ve \u00f6l\u00e7\u00fcl\u00fc olma<\/p>\n\n\n\n<p>V) ilgili mevzuatta \u00f6ng\u00f6r\u00fclen veya i\u015flendikleri ama\u00e7 i\u00e7in gerekli olan s\u00fcre kadar muhafaza edilme<\/p>\n\n\n\n<p>ilkelerini g\u00f6zetmektedir.<\/p>\n\n\n\n<p>Bu ilkeler do\u011frultusunda Soul2seven ile payla\u015f\u0131lan ki\u015fisel veriler, Soul2seven\u2019un g\u00f6zetimi ve kontrol\u00fc alt\u0131ndad\u0131r. Soul2seven, y\u00fcr\u00fcrl\u00fckteki ilgili mevzuat h\u00fck\u00fcmleri gere\u011fince bilginin gizlili\u011finin ve b\u00fct\u00fcnl\u00fc\u011f\u00fcn\u00fcn korunmas\u0131 amac\u0131yla gerekli organizasyonu kurmak ve teknik \u00f6nlemleri almak ve uyarlamak konusunda veri sorumlusu s\u0131fat\u0131yla sorumlulu\u011fu \u00fcstlenmi\u015ftir. Soul2seven, i\u015fbu Ki\u015fisel Verilerin Korunmas\u0131 Hakk\u0131nda A\u00e7\u0131klama metninde belirtilen ama\u00e7lar dahilinde ki\u015fisel verileri i\u015flemekte ve i\u015fledi\u011fi verilerin g\u00fcvenli\u011fini sa\u011flayabilmek ad\u0131na gerekli her t\u00fcrl\u00fc teknik ve idari \u00f6nlemi almaktad\u0131r.<\/p>\n\n\n\n<p><strong>5. Soul2seven ki\u015fisel verilerinizi payla\u015f\u0131yor mu?<\/strong><\/p>\n\n\n\n<p>M\u00fc\u015fterilerimize ait ki\u015fisel verilerin \u00fc\u00e7\u00fcnc\u00fc ki\u015filer ile payla\u015f\u0131m\u0131, m\u00fc\u015fterilerin izni \u00e7er\u00e7evesinde ger\u00e7ekle\u015fmekte ve kural olarak m\u00fc\u015fterimizin a\u00e7\u0131k onay\u0131 olmaks\u0131z\u0131n ki\u015fisel verileri \u00fc\u00e7\u00fcnc\u00fc ki\u015filere aktar\u0131lmamaktad\u0131r.<\/p>\n\n\n\n<p>Bununla birlikte, yasal y\u00fck\u00fcml\u00fcl\u00fcklerimiz nedeniyle ve bunlarla s\u0131n\u0131rl\u0131 olmak \u00fczere mahkemeler ve di\u011fer kamu kurumlar\u0131 ile ki\u015fisel veriler payla\u015f\u0131lmaktad\u0131r. Ayr\u0131ca, taahh\u00fct etti\u011fimiz hizmetleri sa\u011flayabilmek ve verilen hizmetlerin kalite kontrol\u00fcn\u00fc yapabilmek i\u00e7in anla\u015fmal\u0131 \u00fc\u00e7\u00fcnc\u00fc ki\u015filere mevzuat\u0131n \u00f6ng\u00f6rd\u00fc\u011f\u00fc s\u0131n\u0131rlar dahilinde ki\u015fisel veri aktar\u0131m\u0131 yap\u0131lmaktad\u0131r.<\/p>\n\n\n\n<p>Ki\u015fisel verileriniz faaliyetlerimizi y\u00fcr\u00fctebilmek i\u00e7in i\u015fbirli\u011fi yapt\u0131\u011f\u0131m\u0131z program orta\u011f\u0131 kurum, kurulu\u015flarla, verilerin bulut ortam\u0131nda saklanmas\u0131 hizmeti ald\u0131\u011f\u0131m\u0131z yurti\u00e7i\/yurtd\u0131\u015f\u0131 ki\u015fi ve kurumlarla, m\u00fc\u015fterilerimize izinleri dahilinde g\u00f6nderdi\u011fimiz ticari elektronik iletilerin g\u00f6nderilmesi konusunda anla\u015fmal\u0131 oldu\u011fumuz yurti\u00e7i\/yurtd\u0131\u015f\u0131ndaki kurulu\u015flarla, Bankalararas\u0131 Kart Merkeziyle, anla\u015fmal\u0131 oldu\u011fumuz bankalarla ve sizlere daha iyi hizmet sunabilmek ve m\u00fc\u015fteri memnuniyetini sa\u011flayabilmek i\u00e7in \u00e7e\u015fitli pazarlama faaliyetleri kapsam\u0131nda anket \u015firketleriyle ve yurti\u00e7i\/yurtd\u0131\u015f\u0131 di\u011fer \u00fc\u00e7\u00fcnc\u00fc ki\u015filere ilgili i\u015f ortaklar\u0131m\u0131zla KVKK\u2019n\u0131n 8. ve 9. maddesi uyar\u0131nca payla\u015f\u0131labilmektedir.<\/p>\n\n\n\n<p>\u00dc\u00e7\u00fcnc\u00fc ki\u015filere veri aktar\u0131m\u0131 s\u0131ras\u0131nda hak ihlallerini \u00f6nlemek i\u00e7in i\u015fbu Ki\u015fisel Verilerin Korunmas\u0131 Hakk\u0131nda A\u00e7\u0131klama metninin 4 numaral\u0131 paragraf\u0131nda belirtilen \u00f6nlemler al\u0131nmaktad\u0131r. Bununla birlikte, do\u011frudan \u00fc\u00e7\u00fcnc\u00fc ki\u015filerin veri koruma politikalar\u0131ndan dolay\u0131 ve \u00fc\u00e7\u00fcnc\u00fc ki\u015finin sorumlulu\u011fundaki risk alan\u0131nda meydana gelen ihlallerden Soul2seven sorumlu olmad\u0131\u011f\u0131n\u0131 beyan eder.<\/p>\n\n\n\n<p><strong>6. Ki\u015fisel Verilerin Korunmas\u0131 Kanunu\u2019ndan do\u011fan haklar\u0131n\u0131z nelerdir?<\/strong><\/p>\n\n\n\n<p><strong>KVKK uyar\u0131nca ki\u015fisel verilerinizin;<\/strong><\/p>\n\n\n\n<p><strong>a)&nbsp;<\/strong>i\u015flenip i\u015flenmedi\u011fini \u00f6\u011frenme,<\/p>\n\n\n\n<p><strong>b)&nbsp;<\/strong>i\u015flenmi\u015fse bilgi talep etme,<\/p>\n\n\n\n<p><strong>c)&nbsp;<\/strong>i\u015flenme amac\u0131n\u0131 ve amac\u0131na uygun kullan\u0131l\u0131p kullan\u0131lmad\u0131\u011f\u0131n\u0131 \u00f6\u011frenme,<\/p>\n\n\n\n<p><strong>d)&nbsp;<\/strong>yurt i\u00e7inde \/ yurt d\u0131\u015f\u0131nda aktar\u0131ld\u0131\u011f\u0131 3. ki\u015fileri bilme,<\/p>\n\n\n\n<p><strong>e)&nbsp;<\/strong>eksik \/ yanl\u0131\u015f i\u015flenmi\u015fse d\u00fczeltilmesini isteme,<\/p>\n\n\n\n<p><strong>f)&nbsp;<\/strong>KVKK\u2019n\u0131n 7. maddesinde \u00f6ng\u00f6r\u00fclen \u015fartlar \u00e7er\u00e7evesinde silinmesini \/ yok edilmesini isteme,<\/p>\n\n\n\n<p><strong>g)&nbsp;<\/strong>aktar\u0131ld\u0131\u011f\u0131 3. ki\u015filere yukar\u0131da say\u0131lan (e) ve (f) bentleri uyar\u0131nca yap\u0131lan i\u015flemlerin bildirilmesini isteme,<\/p>\n\n\n\n<p><strong>h)&nbsp;<\/strong>m\u00fcnhas\u0131ran otomatik sistemler ile analiz edilmesi nedeniyle aleyhinize bir sonucun ortaya \u00e7\u0131kmas\u0131na itiraz etme,<\/p>\n\n\n\n<p><strong>i)&nbsp;<\/strong>KVKK\u2019ya ayk\u0131r\u0131 olarak i\u015flenmesi sebebiyle zarara u\u011framan\u0131z h\u00e2linde zarar\u0131n giderilmesini talep etme,<\/p>\n\n\n\n<p>haklar\u0131na sahip oldu\u011funuzu hat\u0131rlatmak isteriz.<\/p>\n\n\n\n<p>Yukar\u0131da s\u0131ralanan haklar\u0131n\u0131za ili\u015fkin taleplerinizi yaz\u0131l\u0131 olarak Soul2seven\u2019a iletmeniz durumunda Soul2seven talebinizi en ge\u00e7 30 (otuz) g\u00fcn i\u00e7erisinde \u00fccretsiz olarak sonu\u00e7land\u0131rmaktad\u0131r. Ancak, i\u015flemin ayr\u0131ca bir maliyeti gerektirmesi h\u00e2linde, Soul2seven taraf\u0131ndan Ki\u015fisel Verilerin Korunmas\u0131 Kurulunca belirlenen tarifedeki \u00fccret al\u0131nacakt\u0131r.<\/p>\n\n\n\n<p>KVKK\u2019n\u0131n 13. maddesinin 1. f\u0131kras\u0131 uyar\u0131nca yukar\u0131da belirtilen haklar\u0131n\u0131z\u0131 kullanabilmek i\u00e7in Soul2seven\u2019a talebinizi yaz\u0131l\u0131 veya Ki\u015fisel Verilerin Korunmas\u0131 Kurulu taraf\u0131ndan gelecekte belirlenecek di\u011fer y\u00f6ntemlerle iletebilirsiniz. Yukar\u0131da belirtilen haklar\u0131n\u0131z\u0131 kullanmak i\u00e7in kimli\u011finizi tespit edici gerekli bilgiler ile KVKK\u2019n\u0131n 11. Maddesinde belirtilen haklar\u0131n\u0131zdan hangisini kullanmak istedi\u011finize dair a\u00e7\u0131klamalar\u0131 i\u00e7eren talebinizi&nbsp;<a href=\"mailto:soul2seven7@gmail.com\">soul2seven7@gmail.com<\/a> mail&nbsp;adresine iletebilece\u011finiz gibi, Te\u015fvikiye Mahallesi, Ahmet Fetgeri Sokak, No:47\/A \u015ei\u015fli\/\u0130stanbul adresine yaz\u0131l\u0131 olarak veya noter kanal\u0131yla da iletebilirsiniz.<\/p>\n\n\n\n<p><strong>7. Ki\u015fisel verilerle ilgili mevzuat de\u011fi\u015fikliklerinden nas\u0131l haberdar olabilirim?<\/strong><\/p>\n\n\n\n<p>KVKK uyar\u0131nca sahip oldu\u011funuz haklar Soul2seven\u2019un y\u00fck\u00fcml\u00fcl\u00fckleridir. Ki\u015fisel verilerinizi bu bilin\u00e7le ve mevzuat\u0131n gerektirdi\u011fi \u00f6l\u00e7\u00fcde i\u015fledi\u011fimizi, yasal de\u011fi\u015fikliklerin olmas\u0131 halinde sayfam\u0131zda yer alan bu bilgileri yeni mevzuata uygun g\u00fcncelleyece\u011fimizi, yap\u0131lan g\u00fcncellemeleri de bu sayfa \u00fczerinden her zaman kolayl\u0131kla takip edebilece\u011finizi size bildirmek isteriz.<\/p>\n\n\n\n<p><strong>8. Verinin g\u00fcncel ve do\u011fru tutuldu\u011fundan nas\u0131l emin olabilirim?<\/strong><\/p>\n\n\n\n<p>KVKK\u2019n\u0131n 4. maddesi uyar\u0131nca Soul2seven\u2019un ki\u015fisel verilerinizi do\u011fru ve g\u00fcncel olarak tutma y\u00fck\u00fcml\u00fcl\u00fc\u011f\u00fc bulunmaktad\u0131r. Bu kapsamda Soul2seven\u2019un y\u00fcr\u00fcrl\u00fckteki mevzuattan do\u011fan y\u00fck\u00fcml\u00fcl\u00fcklerini yerine getirebilmesi i\u00e7in m\u00fc\u015fterilerimizin Soul2seven ile do\u011fru ve g\u00fcncel verilerini payla\u015fmas\u0131 gerekmektedir. Verilerinizin herhangi bir surette de\u011fi\u015fikli\u011fe u\u011framas\u0131 halinde yukar\u0131da belirtilen ileti\u015fim kanallar\u0131ndan bizimle ileti\u015fime ge\u00e7erek verilerinizi g\u00fcncellemenizi rica ederiz.<\/p>\n","protected":false},"excerpt":{"rendered":"<p>Alka S\u0131lver Tak\u0131 Hediyelik E\u015fya Pazarlama ve Ticaret Limited \u015eirketi (\u201cAlka\u201d) firmas\u0131 olarak \u201cSoul2seven\u201d markas\u0131 ad\u0131 alt\u0131nda yapt\u0131\u011f\u0131m\u0131z faaliyetler ve<\/p>\n","protected":false},"author":1,"featured_media":0,"parent":0,"menu_order":0,"comment_status":"closed","ping_status":"closed","template":"","meta":{"_eb_attr":"","footnotes":""},"class_list":["post-21093","page","type-page","status-publish","hentry"],"_links":{"self":[{"href":"https:\/\/soul2sevenshop.com\/index.php?rest_route=\/wp\/v2\/pages\/21093","targetHints":{"allow":["GET"]}}],"collection":[{"href":"https:\/\/soul2sevenshop.com\/index.php?rest_route=\/wp\/v2\/pages"}],"about":[{"href":"https:\/\/soul2sevenshop.com\/index.php?rest_route=\/wp\/v2\/types\/page"}],"author":[{"embeddable":true,"href":"https:\/\/soul2sevenshop.com\/index.php?rest_route=\/wp\/v2\/users\/1"}],"replies":[{"embeddable":true,"href":"https:\/\/soul2sevenshop.com\/index.php?rest_route=%2Fwp%2Fv2%2Fcomments&post=21093"}],"version-history":[{"count":2,"href":"https:\/\/soul2sevenshop.com\/index.php?rest_route=\/wp\/v2\/pages\/21093\/revisions"}],"predecessor-version":[{"id":21097,"href":"https:\/\/soul2sevenshop.com\/index.php?rest_route=\/wp\/v2\/pages\/21093\/revisions\/21097"}],"wp:attachment":[{"href":"https:\/\/soul2sevenshop.com\/index.php?rest_route=%2Fwp%2Fv2%2Fmedia&parent=21093"}],"curies":[{"name":"wp","href":"https:\/\/api.w.org\/{rel}","templated":true}]}}