{"id":19036,"date":"2024-04-08T00:51:32","date_gmt":"2024-04-07T21:51:32","guid":{"rendered":"https:\/\/soul2sevenshop.com\/?post_type=product&#038;p=19036"},"modified":"2026-01-19T21:41:30","modified_gmt":"2026-01-19T18:41:30","slug":"numara-1","status":"publish","type":"product","link":"https:\/\/soul2sevenshop.com\/?product=numara-1","title":{"rendered":"Ya\u015fam Say\u0131s\u0131 1"},"content":{"rendered":"","protected":false},"excerpt":{"rendered":"<p>E\u015eS\u0130Z K\u0130\u015e\u0130L\u0130KLER:<br \/>\nDo\u011fu\u015ftan lider ve ba\u011f\u0131ms\u0131z bireylerdir. \u00d6zg\u00fcveni y\u00fcksek 1&#8217;lerin yarat\u0131c\u0131l\u0131k ve yenilik\u00e7ilik \u00f6zellikleri y\u00fcksektir. Olduk\u00e7a azimlidirler.<\/p>\n<p>Zincirsiz sat\u0131lmaktad\u0131r. Dilerseniz &#8216;Kombinle&#8217; k\u0131sm\u0131ndan zincir ekleyebilir veya &#8216;Ho\u015funuza gidebilir&#8217; k\u0131sm\u0131ndan b\u00fcy\u00fck boy tercih edebilirsiniz.<br \/>\n\u00dcr\u00fcn g\u00f6rseldeki anlam kart\u0131yla birlikte g\u00f6nderilecektir.<\/p>\n","protected":false},"featured_media":21887,"comment_status":"open","ping_status":"closed","template":"","meta":{"_eb_attr":""},"product_brand":[],"product_cat":[158,70,114],"product_tag":[],"class_list":{"0":"post-19036","1":"product","2":"type-product","3":"status-publish","4":"has-post-thumbnail","6":"product_cat-charm","7":"product_cat-yasam-sayisi","8":"product_cat-numara-1","10":"first","11":"instock","12":"taxable","13":"shipping-taxable","14":"purchasable","15":"product-type-variable"},"_links":{"self":[{"href":"https:\/\/soul2sevenshop.com\/index.php?rest_route=\/wp\/v2\/product\/19036","targetHints":{"allow":["GET"]}}],"collection":[{"href":"https:\/\/soul2sevenshop.com\/index.php?rest_route=\/wp\/v2\/product"}],"about":[{"href":"https:\/\/soul2sevenshop.com\/index.php?rest_route=\/wp\/v2\/types\/product"}],"replies":[{"embeddable":true,"href":"https:\/\/soul2sevenshop.com\/index.php?rest_route=%2Fwp%2Fv2%2Fcomments&post=19036"}],"version-history":[{"count":9,"href":"https:\/\/soul2sevenshop.com\/index.php?rest_route=\/wp\/v2\/product\/19036\/revisions"}],"predecessor-version":[{"id":22390,"href":"https:\/\/soul2sevenshop.com\/index.php?rest_route=\/wp\/v2\/product\/19036\/revisions\/22390"}],"wp:featuredmedia":[{"embeddable":true,"href":"https:\/\/soul2sevenshop.com\/index.php?rest_route=\/wp\/v2\/media\/21887"}],"wp:attachment":[{"href":"https:\/\/soul2sevenshop.com\/index.php?rest_route=%2Fwp%2Fv2%2Fmedia&parent=19036"}],"wp:term":[{"taxonomy":"product_brand","embeddable":true,"href":"https:\/\/soul2sevenshop.com\/index.php?rest_route=%2Fwp%2Fv2%2Fproduct_brand&post=19036"},{"taxonomy":"product_cat","embeddable":true,"href":"https:\/\/soul2sevenshop.com\/index.php?rest_route=%2Fwp%2Fv2%2Fproduct_cat&post=19036"},{"taxonomy":"product_tag","embeddable":true,"href":"https:\/\/soul2sevenshop.com\/index.php?rest_route=%2Fwp%2Fv2%2Fproduct_tag&post=19036"}],"curies":[{"name":"wp","href":"https:\/\/api.w.org\/{rel}","templated":true}]}}