{"id":19955,"date":"2024-04-09T17:55:24","date_gmt":"2024-04-09T14:55:24","guid":{"rendered":"https:\/\/soul2sevenshop.com\/?post_type=product&#038;p=19955"},"modified":"2026-03-25T22:17:42","modified_gmt":"2026-03-25T19:17:42","slug":"numara-9","status":"publish","type":"product","link":"https:\/\/soul2sevenshop.com\/?product=numara-9","title":{"rendered":"Ya\u015fam Say\u0131s\u0131 9"},"content":{"rendered":"","protected":false},"excerpt":{"rendered":"<p>\u0130NCE RUHLU 9LAR<br \/>\nOlaylara yakla\u015f\u0131mlar\u0131 ile dikkat \u00e7ekerler. Yo\u011fun ya\u015farlar. Sorumluluk ve ciddiyetten asla korkmazlar. \u0130\u00e7lerinden gelen g\u00fcc\u00fc d\u0131\u015far\u0131ya yans\u0131tabilirler. Duyarl\u0131, yard\u0131msever ve c\u00f6merttirler. Kolay \u00f6\u011frenirler. Hayat bazen onlara yard\u0131m etmek i\u00e7in programlanm\u0131\u015f gibidir.<\/p>\n<p>Zincirsiz sat\u0131lmaktad\u0131r. Dilerseniz &#8216;Kombinle&#8217; k\u0131sm\u0131ndan zincir ekleyebilir, &#8216;Ho\u015funuza gidebilir&#8217; k\u0131sm\u0131ndan b\u00fcy\u00fck boy tercih edebilirsiniz.<br \/>\n\u00dcr\u00fcn g\u00f6rseldeki anlam kart\u0131yla birlikte g\u00f6nderilecektir.<\/p>\n","protected":false},"featured_media":21485,"comment_status":"open","ping_status":"closed","template":"","meta":{"_eb_attr":""},"product_brand":[],"product_cat":[158,70,120],"product_tag":[],"class_list":{"0":"post-19955","1":"product","2":"type-product","3":"status-publish","4":"has-post-thumbnail","6":"product_cat-charm","7":"product_cat-yasam-sayisi","8":"product_cat-numara-9","10":"first","11":"instock","12":"taxable","13":"shipping-taxable","14":"purchasable","15":"product-type-variable"},"_links":{"self":[{"href":"https:\/\/soul2sevenshop.com\/index.php?rest_route=\/wp\/v2\/product\/19955","targetHints":{"allow":["GET"]}}],"collection":[{"href":"https:\/\/soul2sevenshop.com\/index.php?rest_route=\/wp\/v2\/product"}],"about":[{"href":"https:\/\/soul2sevenshop.com\/index.php?rest_route=\/wp\/v2\/types\/product"}],"replies":[{"embeddable":true,"href":"https:\/\/soul2sevenshop.com\/index.php?rest_route=%2Fwp%2Fv2%2Fcomments&post=19955"}],"version-history":[{"count":7,"href":"https:\/\/soul2sevenshop.com\/index.php?rest_route=\/wp\/v2\/product\/19955\/revisions"}],"predecessor-version":[{"id":22398,"href":"https:\/\/soul2sevenshop.com\/index.php?rest_route=\/wp\/v2\/product\/19955\/revisions\/22398"}],"wp:featuredmedia":[{"embeddable":true,"href":"https:\/\/soul2sevenshop.com\/index.php?rest_route=\/wp\/v2\/media\/21485"}],"wp:attachment":[{"href":"https:\/\/soul2sevenshop.com\/index.php?rest_route=%2Fwp%2Fv2%2Fmedia&parent=19955"}],"wp:term":[{"taxonomy":"product_brand","embeddable":true,"href":"https:\/\/soul2sevenshop.com\/index.php?rest_route=%2Fwp%2Fv2%2Fproduct_brand&post=19955"},{"taxonomy":"product_cat","embeddable":true,"href":"https:\/\/soul2sevenshop.com\/index.php?rest_route=%2Fwp%2Fv2%2Fproduct_cat&post=19955"},{"taxonomy":"product_tag","embeddable":true,"href":"https:\/\/soul2sevenshop.com\/index.php?rest_route=%2Fwp%2Fv2%2Fproduct_tag&post=19955"}],"curies":[{"name":"wp","href":"https:\/\/api.w.org\/{rel}","templated":true}]}}