{"id":19957,"date":"2024-04-09T17:56:16","date_gmt":"2024-04-09T14:56:16","guid":{"rendered":"https:\/\/soul2sevenshop.com\/?post_type=product&#038;p=19957"},"modified":"2026-03-25T22:14:17","modified_gmt":"2026-03-25T19:14:17","slug":"numara-11-2","status":"publish","type":"product","link":"https:\/\/soul2sevenshop.com\/?product=numara-11-2","title":{"rendered":"Ya\u015fam Say\u0131s\u0131 11\/2"},"content":{"rendered":"","protected":false},"excerpt":{"rendered":"<p>\u0130LHAM VEREN 11&#8217;LER<br \/>\nKainat\u0131n ilham\u0131n\u0131 do\u011frudan al\u0131r ve yans\u0131t\u0131rlar. Bazen anla\u015f\u0131lmad\u0131klar\u0131n\u0131 d\u00fc\u015f\u00fcnselerde sab\u0131r onlar\u0131n ilac\u0131d\u0131r. Kusursuz sevgileriyle iyile\u015ftiricidirler. \u0130yi birer yol g\u00f6stericidirler. Onlara dan\u0131\u015f\u0131rsan\u0131z asla pi\u015fman olmazs\u0131n\u0131z.<\/p>\n<p>Zincirsiz sat\u0131lmaktad\u0131r. Dilerseniz &#8216;Kombinle&#8217; k\u0131sm\u0131ndan zincir ekleyebilir, &#8216;Ho\u015funuza gidebilir&#8217; k\u0131sm\u0131ndan b\u00fcy\u00fck boy tercih edebilirsiniz.<br \/>\n\u00dcr\u00fcn g\u00f6rseldeki anlam kart\u0131yla birlikte g\u00f6nderilecektir.<\/p>\n","protected":false},"featured_media":21484,"comment_status":"open","ping_status":"closed","template":"","meta":{"_eb_attr":""},"product_brand":[],"product_cat":[158,70,121],"product_tag":[],"class_list":{"0":"post-19957","1":"product","2":"type-product","3":"status-publish","4":"has-post-thumbnail","6":"product_cat-charm","7":"product_cat-yasam-sayisi","8":"product_cat-numara-11","10":"first","11":"instock","12":"taxable","13":"shipping-taxable","14":"purchasable","15":"product-type-variable"},"_links":{"self":[{"href":"https:\/\/soul2sevenshop.com\/index.php?rest_route=\/wp\/v2\/product\/19957","targetHints":{"allow":["GET"]}}],"collection":[{"href":"https:\/\/soul2sevenshop.com\/index.php?rest_route=\/wp\/v2\/product"}],"about":[{"href":"https:\/\/soul2sevenshop.com\/index.php?rest_route=\/wp\/v2\/types\/product"}],"replies":[{"embeddable":true,"href":"https:\/\/soul2sevenshop.com\/index.php?rest_route=%2Fwp%2Fv2%2Fcomments&post=19957"}],"version-history":[{"count":5,"href":"https:\/\/soul2sevenshop.com\/index.php?rest_route=\/wp\/v2\/product\/19957\/revisions"}],"predecessor-version":[{"id":22399,"href":"https:\/\/soul2sevenshop.com\/index.php?rest_route=\/wp\/v2\/product\/19957\/revisions\/22399"}],"wp:featuredmedia":[{"embeddable":true,"href":"https:\/\/soul2sevenshop.com\/index.php?rest_route=\/wp\/v2\/media\/21484"}],"wp:attachment":[{"href":"https:\/\/soul2sevenshop.com\/index.php?rest_route=%2Fwp%2Fv2%2Fmedia&parent=19957"}],"wp:term":[{"taxonomy":"product_brand","embeddable":true,"href":"https:\/\/soul2sevenshop.com\/index.php?rest_route=%2Fwp%2Fv2%2Fproduct_brand&post=19957"},{"taxonomy":"product_cat","embeddable":true,"href":"https:\/\/soul2sevenshop.com\/index.php?rest_route=%2Fwp%2Fv2%2Fproduct_cat&post=19957"},{"taxonomy":"product_tag","embeddable":true,"href":"https:\/\/soul2sevenshop.com\/index.php?rest_route=%2Fwp%2Fv2%2Fproduct_tag&post=19957"}],"curies":[{"name":"wp","href":"https:\/\/api.w.org\/{rel}","templated":true}]}}