{"id":19959,"date":"2024-04-09T17:57:13","date_gmt":"2024-04-09T14:57:13","guid":{"rendered":"https:\/\/soul2sevenshop.com\/?post_type=product&#038;p=19959"},"modified":"2026-03-25T22:13:45","modified_gmt":"2026-03-25T19:13:45","slug":"numara-22-4","status":"publish","type":"product","link":"https:\/\/soul2sevenshop.com\/?product=numara-22-4","title":{"rendered":"Ya\u015fam Say\u0131s\u0131 22\/4"},"content":{"rendered":"","protected":false},"excerpt":{"rendered":"<p>DO\u011eU\u015eTAN L\u0130DER 22&#8217;LER<br \/>\n\u00c7ok zeki insanlard\u0131r. Her \u015feye anlam y\u00fcklerler ve de\u011fer bi\u00e7erler. Kendilerine ait bir felsefeleri ve sistemleri vard\u0131r. D\u00fcnyaya arzular\u0131n\u0131 ger\u00e7ekle\u015ftirmek i\u00e7in gelmi\u015flerdir. Ayr\u0131nt\u0131lara \u00e7ok hakimdirler ve duygusal zekalar\u0131 da olduk\u00e7a geli\u015fmi\u015ftir.<\/p>\n<p>Zincirsiz sat\u0131lmaktad\u0131r. Dilerseniz &#8216;Kombinle&#8217; k\u0131sm\u0131ndan zincir ekleyebilir, &#8216;Ho\u015funuza gidebilir&#8217; k\u0131sm\u0131ndan b\u00fcy\u00fck boy tercih edebilirsiniz.<br \/>\n\u00dcr\u00fcn g\u00f6rseldeki anlam kart\u0131yla birlikte g\u00f6nderilecektir.<\/p>\n","protected":false},"featured_media":21483,"comment_status":"open","ping_status":"closed","template":"","meta":{"_eb_attr":""},"product_brand":[],"product_cat":[158,70,122],"product_tag":[],"class_list":{"0":"post-19959","1":"product","2":"type-product","3":"status-publish","4":"has-post-thumbnail","6":"product_cat-charm","7":"product_cat-yasam-sayisi","8":"product_cat-numara-22","10":"first","11":"instock","12":"taxable","13":"shipping-taxable","14":"purchasable","15":"product-type-variable"},"_links":{"self":[{"href":"https:\/\/soul2sevenshop.com\/index.php?rest_route=\/wp\/v2\/product\/19959","targetHints":{"allow":["GET"]}}],"collection":[{"href":"https:\/\/soul2sevenshop.com\/index.php?rest_route=\/wp\/v2\/product"}],"about":[{"href":"https:\/\/soul2sevenshop.com\/index.php?rest_route=\/wp\/v2\/types\/product"}],"replies":[{"embeddable":true,"href":"https:\/\/soul2sevenshop.com\/index.php?rest_route=%2Fwp%2Fv2%2Fcomments&post=19959"}],"version-history":[{"count":7,"href":"https:\/\/soul2sevenshop.com\/index.php?rest_route=\/wp\/v2\/product\/19959\/revisions"}],"predecessor-version":[{"id":22400,"href":"https:\/\/soul2sevenshop.com\/index.php?rest_route=\/wp\/v2\/product\/19959\/revisions\/22400"}],"wp:featuredmedia":[{"embeddable":true,"href":"https:\/\/soul2sevenshop.com\/index.php?rest_route=\/wp\/v2\/media\/21483"}],"wp:attachment":[{"href":"https:\/\/soul2sevenshop.com\/index.php?rest_route=%2Fwp%2Fv2%2Fmedia&parent=19959"}],"wp:term":[{"taxonomy":"product_brand","embeddable":true,"href":"https:\/\/soul2sevenshop.com\/index.php?rest_route=%2Fwp%2Fv2%2Fproduct_brand&post=19959"},{"taxonomy":"product_cat","embeddable":true,"href":"https:\/\/soul2sevenshop.com\/index.php?rest_route=%2Fwp%2Fv2%2Fproduct_cat&post=19959"},{"taxonomy":"product_tag","embeddable":true,"href":"https:\/\/soul2sevenshop.com\/index.php?rest_route=%2Fwp%2Fv2%2Fproduct_tag&post=19959"}],"curies":[{"name":"wp","href":"https:\/\/api.w.org\/{rel}","templated":true}]}}