{"id":20746,"date":"2024-04-11T17:41:02","date_gmt":"2024-04-11T14:41:02","guid":{"rendered":"https:\/\/soul2sevenshop.com\/?post_type=product&#038;p=20746"},"modified":"2026-01-19T21:34:59","modified_gmt":"2026-01-19T18:34:59","slug":"pazartesi","status":"publish","type":"product","link":"https:\/\/soul2sevenshop.com\/?product=pazartesi","title":{"rendered":"Pazartesi"},"content":{"rendered":"","protected":false},"excerpt":{"rendered":"<p>Sizin g\u00fcn\u00fcn\u00fcz Pazartesi!<br \/>\n\u0130ngilizce&#8217;de &#8216;Moon Day&#8217; yani &#8216;Ay G\u00fcn\u00fc&#8217;.<br \/>\nAy&#8217;\u0131n \u0131\u015f\u0131lt\u0131s\u0131 alt\u0131nda, etraf\u0131n\u0131z\u0131 umut dolu ba\u015flang\u0131\u00e7lar sarmal\u0131yor. Bu g\u00fcn yeni ba\u015flang\u0131clar\u0131 simgeler, size e\u015flik edece\u011fi her yerde pozitif enerjisi sizi sar\u0131p sarmalayacak.<\/p>\n<p>(50 ve 60 cm olarak iki boyda kullan\u0131labilir. G\u00f6rselde g\u00f6r\u00fcld\u00fc\u011f\u00fc gibi \u00fcr\u00fcn\u00fcn iki taraf\u0131n\u0131 da kullanabilirsiniz.)<br \/>\n\u00dcr\u00fcn g\u00f6rseldeki anlam kart\u0131yla birlikte g\u00f6nderilecektir.<\/p>\n","protected":false},"featured_media":21623,"comment_status":"open","ping_status":"closed","template":"","meta":{"_eb_attr":""},"product_brand":[],"product_cat":[159,20,107],"product_tag":[],"class_list":{"0":"post-20746","1":"product","2":"type-product","3":"status-publish","4":"has-post-thumbnail","6":"product_cat-kolye","7":"product_cat-kutsal-gunler","8":"product_cat-pazartesi","10":"first","11":"instock","12":"taxable","13":"shipping-taxable","14":"purchasable","15":"product-type-variable"},"_links":{"self":[{"href":"https:\/\/soul2sevenshop.com\/index.php?rest_route=\/wp\/v2\/product\/20746","targetHints":{"allow":["GET"]}}],"collection":[{"href":"https:\/\/soul2sevenshop.com\/index.php?rest_route=\/wp\/v2\/product"}],"about":[{"href":"https:\/\/soul2sevenshop.com\/index.php?rest_route=\/wp\/v2\/types\/product"}],"replies":[{"embeddable":true,"href":"https:\/\/soul2sevenshop.com\/index.php?rest_route=%2Fwp%2Fv2%2Fcomments&post=20746"}],"version-history":[{"count":5,"href":"https:\/\/soul2sevenshop.com\/index.php?rest_route=\/wp\/v2\/product\/20746\/revisions"}],"predecessor-version":[{"id":22493,"href":"https:\/\/soul2sevenshop.com\/index.php?rest_route=\/wp\/v2\/product\/20746\/revisions\/22493"}],"wp:featuredmedia":[{"embeddable":true,"href":"https:\/\/soul2sevenshop.com\/index.php?rest_route=\/wp\/v2\/media\/21623"}],"wp:attachment":[{"href":"https:\/\/soul2sevenshop.com\/index.php?rest_route=%2Fwp%2Fv2%2Fmedia&parent=20746"}],"wp:term":[{"taxonomy":"product_brand","embeddable":true,"href":"https:\/\/soul2sevenshop.com\/index.php?rest_route=%2Fwp%2Fv2%2Fproduct_brand&post=20746"},{"taxonomy":"product_cat","embeddable":true,"href":"https:\/\/soul2sevenshop.com\/index.php?rest_route=%2Fwp%2Fv2%2Fproduct_cat&post=20746"},{"taxonomy":"product_tag","embeddable":true,"href":"https:\/\/soul2sevenshop.com\/index.php?rest_route=%2Fwp%2Fv2%2Fproduct_tag&post=20746"}],"curies":[{"name":"wp","href":"https:\/\/api.w.org\/{rel}","templated":true}]}}