{"id":20750,"date":"2024-04-11T17:45:24","date_gmt":"2024-04-11T14:45:24","guid":{"rendered":"https:\/\/soul2sevenshop.com\/?post_type=product&#038;p=20750"},"modified":"2026-01-19T21:35:53","modified_gmt":"2026-01-19T18:35:53","slug":"sali","status":"publish","type":"product","link":"https:\/\/soul2sevenshop.com\/?product=sali","title":{"rendered":"Sal\u0131"},"content":{"rendered":"","protected":false},"excerpt":{"rendered":"<p>Sizin g\u00fcn\u00fcn\u00fcz Sal\u0131!<br \/>\nTyr&#8217;s Day kelimesi zamanla Tuesday&#8217;e d\u00f6n\u00fc\u015fm\u00fc\u015ft\u00fcr. Tyr \u0130skandinav mitolojisindeki adalet ve zafer tanr\u0131s\u0131d\u0131r. \u0130\u00e7 dengenizi sa\u011flad\u0131\u011f\u0131n\u0131zda i\u00e7 huzura eri\u015feceksiniz. Yapt\u0131\u011f\u0131n\u0131z t\u00fcm iyiliklerin kar\u015f\u0131l\u0131\u011f\u0131 size fazlas\u0131yla d\u00f6necek.<\/p>\n<p>(50 ve 60 cm olarak iki boyda kullan\u0131labilir. G\u00f6rselde g\u00f6r\u00fcld\u00fc\u011f\u00fc gibi \u00fcr\u00fcn\u00fcn iki taraf\u0131n\u0131 da kullanabilirsiniz.)<br \/>\n\u00dcr\u00fcn g\u00f6rseldeki anlam kart\u0131yla birlikte g\u00f6nderilecektir.<\/p>\n","protected":false},"featured_media":21622,"comment_status":"open","ping_status":"closed","template":"","meta":{"_eb_attr":""},"product_brand":[],"product_cat":[159,108],"product_tag":[],"class_list":{"0":"post-20750","1":"product","2":"type-product","3":"status-publish","4":"has-post-thumbnail","6":"product_cat-kolye","7":"product_cat-sali","9":"first","10":"instock","11":"taxable","12":"shipping-taxable","13":"purchasable","14":"product-type-variable"},"_links":{"self":[{"href":"https:\/\/soul2sevenshop.com\/index.php?rest_route=\/wp\/v2\/product\/20750","targetHints":{"allow":["GET"]}}],"collection":[{"href":"https:\/\/soul2sevenshop.com\/index.php?rest_route=\/wp\/v2\/product"}],"about":[{"href":"https:\/\/soul2sevenshop.com\/index.php?rest_route=\/wp\/v2\/types\/product"}],"replies":[{"embeddable":true,"href":"https:\/\/soul2sevenshop.com\/index.php?rest_route=%2Fwp%2Fv2%2Fcomments&post=20750"}],"version-history":[{"count":5,"href":"https:\/\/soul2sevenshop.com\/index.php?rest_route=\/wp\/v2\/product\/20750\/revisions"}],"predecessor-version":[{"id":22492,"href":"https:\/\/soul2sevenshop.com\/index.php?rest_route=\/wp\/v2\/product\/20750\/revisions\/22492"}],"wp:featuredmedia":[{"embeddable":true,"href":"https:\/\/soul2sevenshop.com\/index.php?rest_route=\/wp\/v2\/media\/21622"}],"wp:attachment":[{"href":"https:\/\/soul2sevenshop.com\/index.php?rest_route=%2Fwp%2Fv2%2Fmedia&parent=20750"}],"wp:term":[{"taxonomy":"product_brand","embeddable":true,"href":"https:\/\/soul2sevenshop.com\/index.php?rest_route=%2Fwp%2Fv2%2Fproduct_brand&post=20750"},{"taxonomy":"product_cat","embeddable":true,"href":"https:\/\/soul2sevenshop.com\/index.php?rest_route=%2Fwp%2Fv2%2Fproduct_cat&post=20750"},{"taxonomy":"product_tag","embeddable":true,"href":"https:\/\/soul2sevenshop.com\/index.php?rest_route=%2Fwp%2Fv2%2Fproduct_tag&post=20750"}],"curies":[{"name":"wp","href":"https:\/\/api.w.org\/{rel}","templated":true}]}}