{"id":20756,"date":"2024-04-11T17:49:02","date_gmt":"2024-04-11T14:49:02","guid":{"rendered":"https:\/\/soul2sevenshop.com\/?post_type=product&#038;p=20756"},"modified":"2026-01-19T21:36:22","modified_gmt":"2026-01-19T18:36:22","slug":"persembe","status":"publish","type":"product","link":"https:\/\/soul2sevenshop.com\/?product=persembe","title":{"rendered":"Per\u015fembe"},"content":{"rendered":"","protected":false},"excerpt":{"rendered":"<p>Sizin g\u00fcn\u00fcn\u00fcz Per\u015fembe!<br \/>\nPer\u015fembe kelimesi \u0130ngilizcede &#8220;Thor&#8217;s day&#8221; yani Thor&#8217;un g\u00fcn\u00fc anlam\u0131na gelir. Thor, g\u00fc\u00e7 tanr\u0131s\u0131 olarak bilinir ve me\u015fe a\u011fac\u0131 g\u00fcc\u00fcn sembol\u00fcd\u00fcr. Bu g\u00fcn, hayata kar\u015f\u0131 g\u00fc\u00e7l\u00fc duru\u015funuzu peki\u015ftirecek; me\u015fe a\u011fac\u0131n\u0131n sa\u011flam k\u00f6kleri gibi, sizi zaferlere ta\u015f\u0131yacak sa\u011flaml\u0131\u011f\u0131 bulacaks\u0131n\u0131z.<\/p>\n<p>(50 ve 60 cm olarak iki boyda kullanabilir. G\u00f6rselde g\u00f6r\u00fcld\u00fc\u011f\u00fc gibi \u00fcr\u00fcn\u00fcn iki taraf\u0131n\u0131 da kullanabilirsiniz.)<br \/>\n\u00dcr\u00fcn g\u00f6rseldeki anlam kart\u0131yla birlikte g\u00f6nderilecektir.<\/p>\n","protected":false},"featured_media":21620,"comment_status":"open","ping_status":"closed","template":"","meta":{"_eb_attr":""},"product_brand":[],"product_cat":[159,110],"product_tag":[],"class_list":{"0":"post-20756","1":"product","2":"type-product","3":"status-publish","4":"has-post-thumbnail","6":"product_cat-kolye","7":"product_cat-persembe","9":"first","10":"instock","11":"taxable","12":"shipping-taxable","13":"purchasable","14":"product-type-variable"},"_links":{"self":[{"href":"https:\/\/soul2sevenshop.com\/index.php?rest_route=\/wp\/v2\/product\/20756","targetHints":{"allow":["GET"]}}],"collection":[{"href":"https:\/\/soul2sevenshop.com\/index.php?rest_route=\/wp\/v2\/product"}],"about":[{"href":"https:\/\/soul2sevenshop.com\/index.php?rest_route=\/wp\/v2\/types\/product"}],"replies":[{"embeddable":true,"href":"https:\/\/soul2sevenshop.com\/index.php?rest_route=%2Fwp%2Fv2%2Fcomments&post=20756"}],"version-history":[{"count":5,"href":"https:\/\/soul2sevenshop.com\/index.php?rest_route=\/wp\/v2\/product\/20756\/revisions"}],"predecessor-version":[{"id":22491,"href":"https:\/\/soul2sevenshop.com\/index.php?rest_route=\/wp\/v2\/product\/20756\/revisions\/22491"}],"wp:featuredmedia":[{"embeddable":true,"href":"https:\/\/soul2sevenshop.com\/index.php?rest_route=\/wp\/v2\/media\/21620"}],"wp:attachment":[{"href":"https:\/\/soul2sevenshop.com\/index.php?rest_route=%2Fwp%2Fv2%2Fmedia&parent=20756"}],"wp:term":[{"taxonomy":"product_brand","embeddable":true,"href":"https:\/\/soul2sevenshop.com\/index.php?rest_route=%2Fwp%2Fv2%2Fproduct_brand&post=20756"},{"taxonomy":"product_cat","embeddable":true,"href":"https:\/\/soul2sevenshop.com\/index.php?rest_route=%2Fwp%2Fv2%2Fproduct_cat&post=20756"},{"taxonomy":"product_tag","embeddable":true,"href":"https:\/\/soul2sevenshop.com\/index.php?rest_route=%2Fwp%2Fv2%2Fproduct_tag&post=20756"}],"curies":[{"name":"wp","href":"https:\/\/api.w.org\/{rel}","templated":true}]}}