{"id":20759,"date":"2024-04-11T17:53:24","date_gmt":"2024-04-11T14:53:24","guid":{"rendered":"https:\/\/soul2sevenshop.com\/?post_type=product&#038;p=20759"},"modified":"2026-01-19T21:36:56","modified_gmt":"2026-01-19T18:36:56","slug":"carsamba","status":"publish","type":"product","link":"https:\/\/soul2sevenshop.com\/?product=carsamba","title":{"rendered":"\u00c7ar\u015famba"},"content":{"rendered":"","protected":false},"excerpt":{"rendered":"<p>Sizin g\u00fcn\u00fcn\u00fcz \u00c7ar\u015famba!<br \/>\n\u00c7ar\u015famba kelimesi \u0130ngilizce&#8217;de &#8220;Odin&#8217;s day&#8221; yani Odin&#8217;in g\u00fcn\u00fc anlam\u0131na gelir. Odin, bilgelik tanr\u0131s\u0131 olarak bilinir; g\u00f6zleri yoktur kuzgunlar arac\u0131l\u0131\u011f\u0131yla haber al\u0131r. \u00c7evrenizdeki herkesin ak\u0131l kap\u0131s\u0131n\u0131 \u00e7ald\u0131\u011f\u0131 li\u015fi olman\u0131z hi\u00e7 de \u015fa\u015f\u0131rt\u0131c\u0131 de\u011fil. Nereden geliyor bu bilgelik dediklerinde; her yerdeki g\u00f6z\u00fcn\u00fcz olan kuzgunlar\u0131 g\u00f6sterebilirsiniz.<\/p>\n<p>(50 ve 60 cm olarak iki boyda kullan\u0131labilir. G\u00f6rselde g\u00f6r\u00fcld\u00fc\u011f\u00fc gibi \u00fcr\u00fcn\u00fcn iki taraf\u0131n\u0131 da kullanabilirsiniz.)<br \/>\n\u00dcr\u00fcn g\u00f6rseldeki anlam kart\u0131yla birlikte g\u00f6nderilecektir.<\/p>\n","protected":false},"featured_media":21621,"comment_status":"open","ping_status":"closed","template":"","meta":{"_eb_attr":""},"product_brand":[],"product_cat":[159,109],"product_tag":[],"class_list":{"0":"post-20759","1":"product","2":"type-product","3":"status-publish","4":"has-post-thumbnail","6":"product_cat-kolye","7":"product_cat-carsamba","9":"first","10":"instock","11":"taxable","12":"shipping-taxable","13":"purchasable","14":"product-type-variable"},"_links":{"self":[{"href":"https:\/\/soul2sevenshop.com\/index.php?rest_route=\/wp\/v2\/product\/20759","targetHints":{"allow":["GET"]}}],"collection":[{"href":"https:\/\/soul2sevenshop.com\/index.php?rest_route=\/wp\/v2\/product"}],"about":[{"href":"https:\/\/soul2sevenshop.com\/index.php?rest_route=\/wp\/v2\/types\/product"}],"replies":[{"embeddable":true,"href":"https:\/\/soul2sevenshop.com\/index.php?rest_route=%2Fwp%2Fv2%2Fcomments&post=20759"}],"version-history":[{"count":5,"href":"https:\/\/soul2sevenshop.com\/index.php?rest_route=\/wp\/v2\/product\/20759\/revisions"}],"predecessor-version":[{"id":22490,"href":"https:\/\/soul2sevenshop.com\/index.php?rest_route=\/wp\/v2\/product\/20759\/revisions\/22490"}],"wp:featuredmedia":[{"embeddable":true,"href":"https:\/\/soul2sevenshop.com\/index.php?rest_route=\/wp\/v2\/media\/21621"}],"wp:attachment":[{"href":"https:\/\/soul2sevenshop.com\/index.php?rest_route=%2Fwp%2Fv2%2Fmedia&parent=20759"}],"wp:term":[{"taxonomy":"product_brand","embeddable":true,"href":"https:\/\/soul2sevenshop.com\/index.php?rest_route=%2Fwp%2Fv2%2Fproduct_brand&post=20759"},{"taxonomy":"product_cat","embeddable":true,"href":"https:\/\/soul2sevenshop.com\/index.php?rest_route=%2Fwp%2Fv2%2Fproduct_cat&post=20759"},{"taxonomy":"product_tag","embeddable":true,"href":"https:\/\/soul2sevenshop.com\/index.php?rest_route=%2Fwp%2Fv2%2Fproduct_tag&post=20759"}],"curies":[{"name":"wp","href":"https:\/\/api.w.org\/{rel}","templated":true}]}}