{"id":20761,"date":"2024-04-11T17:56:09","date_gmt":"2024-04-11T14:56:09","guid":{"rendered":"https:\/\/soul2sevenshop.com\/?post_type=product&#038;p=20761"},"modified":"2026-01-19T21:38:52","modified_gmt":"2026-01-19T18:38:52","slug":"cuma","status":"publish","type":"product","link":"https:\/\/soul2sevenshop.com\/?product=cuma","title":{"rendered":"Cuma"},"content":{"rendered":"","protected":false},"excerpt":{"rendered":"<p>Sizin g\u00fcn\u00fcn\u00fcz Cuma!<br \/>\nCuma kelimesi \u0130ngilizcede &#8220;Frigg&#8217;s day&#8221; yani Frigg&#8217;in g\u00fcn\u00fc anlam\u0131na gelir ve &#8220;Friday&#8221; olarak evrilmi\u015ftir. Frigg, a\u015fk ve bereket tanr\u0131\u00e7as\u0131 olarak bilinir. Kalbinizdeki sevgi sizin en b\u00fcy\u00fck g\u00fcc\u00fcn\u00fczd\u00fcr; ba\u015fka kalplerde g\u00fcl\u00fcmsemeler yaratmak da Frigg&#8217;in size en b\u00fcy\u00fck hediyesidir.<\/p>\n<p>(50 ve 60 cm olarak iki boyda kullan\u0131labilir. G\u00f6rselde g\u00f6r\u00fcld\u00fc\u011f\u00fc gibi \u00fcr\u00fcn\u00fcn iki taraf\u0131n\u0131 da kullanabilirsiniz.)<br \/>\n\u00dcr\u00fcn g\u00f6rseldeki anlam kart\u0131yla birlikte g\u00f6nderilecektir.<\/p>\n","protected":false},"featured_media":21619,"comment_status":"open","ping_status":"closed","template":"","meta":{"_eb_attr":""},"product_brand":[],"product_cat":[159,111],"product_tag":[],"class_list":{"0":"post-20761","1":"product","2":"type-product","3":"status-publish","4":"has-post-thumbnail","6":"product_cat-kolye","7":"product_cat-cuma","9":"first","10":"instock","11":"taxable","12":"shipping-taxable","13":"purchasable","14":"product-type-variable"},"_links":{"self":[{"href":"https:\/\/soul2sevenshop.com\/index.php?rest_route=\/wp\/v2\/product\/20761","targetHints":{"allow":["GET"]}}],"collection":[{"href":"https:\/\/soul2sevenshop.com\/index.php?rest_route=\/wp\/v2\/product"}],"about":[{"href":"https:\/\/soul2sevenshop.com\/index.php?rest_route=\/wp\/v2\/types\/product"}],"replies":[{"embeddable":true,"href":"https:\/\/soul2sevenshop.com\/index.php?rest_route=%2Fwp%2Fv2%2Fcomments&post=20761"}],"version-history":[{"count":5,"href":"https:\/\/soul2sevenshop.com\/index.php?rest_route=\/wp\/v2\/product\/20761\/revisions"}],"predecessor-version":[{"id":22489,"href":"https:\/\/soul2sevenshop.com\/index.php?rest_route=\/wp\/v2\/product\/20761\/revisions\/22489"}],"wp:featuredmedia":[{"embeddable":true,"href":"https:\/\/soul2sevenshop.com\/index.php?rest_route=\/wp\/v2\/media\/21619"}],"wp:attachment":[{"href":"https:\/\/soul2sevenshop.com\/index.php?rest_route=%2Fwp%2Fv2%2Fmedia&parent=20761"}],"wp:term":[{"taxonomy":"product_brand","embeddable":true,"href":"https:\/\/soul2sevenshop.com\/index.php?rest_route=%2Fwp%2Fv2%2Fproduct_brand&post=20761"},{"taxonomy":"product_cat","embeddable":true,"href":"https:\/\/soul2sevenshop.com\/index.php?rest_route=%2Fwp%2Fv2%2Fproduct_cat&post=20761"},{"taxonomy":"product_tag","embeddable":true,"href":"https:\/\/soul2sevenshop.com\/index.php?rest_route=%2Fwp%2Fv2%2Fproduct_tag&post=20761"}],"curies":[{"name":"wp","href":"https:\/\/api.w.org\/{rel}","templated":true}]}}