{"id":20765,"date":"2024-04-11T18:02:09","date_gmt":"2024-04-11T15:02:09","guid":{"rendered":"https:\/\/soul2sevenshop.com\/?post_type=product&#038;p=20765"},"modified":"2026-01-19T21:37:45","modified_gmt":"2026-01-19T18:37:45","slug":"pazar","status":"publish","type":"product","link":"https:\/\/soul2sevenshop.com\/?product=pazar","title":{"rendered":"Pazar"},"content":{"rendered":"","protected":false},"excerpt":{"rendered":"<p>Sizin g\u00fcn\u00fcn\u00fcz Pazar!<br \/>\nPazar kelimesi \u0130ngilizcede &#8220;Sun day&#8221; yani G\u00fcne\u015f g\u00fcn\u00fc anlam\u0131na gelir. Sembol\u00fcn\u00fcz g\u00fcne\u015ftir ve yan\u0131n\u0131zda g\u00fcne\u015finiz oldu\u011funda, \u0131\u015f\u0131k daima sizinle olur.<\/p>\n<p>(50 ve 60 cm olarak iki boyda kullan\u0131labilir. G\u00f6rselde g\u00f6r\u00fcld\u00fc\u011f\u00fc gibi \u00fcr\u00fcn\u00fcn iki taraf\u0131n\u0131 da kullanabilirsiniz.)<br \/>\n\u00dcr\u00fcn g\u00f6rseldeki anlam kart\u0131yla birlikte g\u00f6nderilecektir.<\/p>\n","protected":false},"featured_media":21624,"comment_status":"open","ping_status":"closed","template":"elementor_header_footer","meta":{"_eb_attr":""},"product_brand":[],"product_cat":[159,113],"product_tag":[],"class_list":{"0":"post-20765","1":"product","2":"type-product","3":"status-publish","4":"has-post-thumbnail","6":"product_cat-kolye","7":"product_cat-pazar","9":"first","10":"instock","11":"taxable","12":"shipping-taxable","13":"purchasable","14":"product-type-variable"},"_links":{"self":[{"href":"https:\/\/soul2sevenshop.com\/index.php?rest_route=\/wp\/v2\/product\/20765","targetHints":{"allow":["GET"]}}],"collection":[{"href":"https:\/\/soul2sevenshop.com\/index.php?rest_route=\/wp\/v2\/product"}],"about":[{"href":"https:\/\/soul2sevenshop.com\/index.php?rest_route=\/wp\/v2\/types\/product"}],"replies":[{"embeddable":true,"href":"https:\/\/soul2sevenshop.com\/index.php?rest_route=%2Fwp%2Fv2%2Fcomments&post=20765"}],"version-history":[{"count":5,"href":"https:\/\/soul2sevenshop.com\/index.php?rest_route=\/wp\/v2\/product\/20765\/revisions"}],"predecessor-version":[{"id":22487,"href":"https:\/\/soul2sevenshop.com\/index.php?rest_route=\/wp\/v2\/product\/20765\/revisions\/22487"}],"wp:featuredmedia":[{"embeddable":true,"href":"https:\/\/soul2sevenshop.com\/index.php?rest_route=\/wp\/v2\/media\/21624"}],"wp:attachment":[{"href":"https:\/\/soul2sevenshop.com\/index.php?rest_route=%2Fwp%2Fv2%2Fmedia&parent=20765"}],"wp:term":[{"taxonomy":"product_brand","embeddable":true,"href":"https:\/\/soul2sevenshop.com\/index.php?rest_route=%2Fwp%2Fv2%2Fproduct_brand&post=20765"},{"taxonomy":"product_cat","embeddable":true,"href":"https:\/\/soul2sevenshop.com\/index.php?rest_route=%2Fwp%2Fv2%2Fproduct_cat&post=20765"},{"taxonomy":"product_tag","embeddable":true,"href":"https:\/\/soul2sevenshop.com\/index.php?rest_route=%2Fwp%2Fv2%2Fproduct_tag&post=20765"}],"curies":[{"name":"wp","href":"https:\/\/api.w.org\/{rel}","templated":true}]}}