{"id":21561,"date":"2024-04-21T18:48:34","date_gmt":"2024-04-21T15:48:34","guid":{"rendered":"https:\/\/soul2sevenshop.com\/?post_type=product&#038;p=21561"},"modified":"2026-03-25T22:12:55","modified_gmt":"2026-03-25T19:12:55","slug":"numara-2","status":"publish","type":"product","link":"https:\/\/soul2sevenshop.com\/?product=numara-2","title":{"rendered":"Ya\u015fam Say\u0131s\u0131 2"},"content":{"rendered":"","protected":false},"excerpt":{"rendered":"<p>SEVG\u0130 DA\u011eITAN 2&#8217;LER<br \/>\n\u00c7ok samimi ve naziktirler. A\u015fk i\u00e7in yarat\u0131lm\u0131\u015flard\u0131r. Acele etmek yerine a\u011f\u0131rdan almay\u0131 tercih ederler. Olduk\u00e7a destekleyici olan 2&#8217;lerle gerekli yak\u0131nl\u0131\u011f\u0131 kurarsan\u0131z size huzur vereceklerdir. Dengeli ve uyumlu bir hayat\u0131 tercih ederler. Son derece yard\u0131mseverdirler.<\/p>\n<p>Zincirsiz sat\u0131lmaktad\u0131r. Dilerseniz &#8216;Kombinle&#8217; k\u0131sm\u0131ndan zincir ekleyebilir, &#8216;Ho\u015funuza gidebilir&#8217; k\u0131sm\u0131ndan b\u00fcy\u00fck boy tercih edebilirsiniz.<br \/>\n\u00dcr\u00fcn g\u00f6rseldeki anlam kart\u0131yla birlikte g\u00f6nderilecektir.<\/p>\n","protected":false},"featured_media":21471,"comment_status":"open","ping_status":"closed","template":"","meta":{"_eb_attr":""},"product_brand":[],"product_cat":[158,70,115],"product_tag":[76,75],"class_list":{"0":"post-21561","1":"product","2":"type-product","3":"status-publish","4":"has-post-thumbnail","6":"product_cat-charm","7":"product_cat-yasam-sayisi","8":"product_cat-numara-2","9":"product_tag-76","10":"product_tag-yasam-sayisi","12":"first","13":"instock","14":"taxable","15":"shipping-taxable","16":"purchasable","17":"product-type-variable"},"_links":{"self":[{"href":"https:\/\/soul2sevenshop.com\/index.php?rest_route=\/wp\/v2\/product\/21561","targetHints":{"allow":["GET"]}}],"collection":[{"href":"https:\/\/soul2sevenshop.com\/index.php?rest_route=\/wp\/v2\/product"}],"about":[{"href":"https:\/\/soul2sevenshop.com\/index.php?rest_route=\/wp\/v2\/types\/product"}],"replies":[{"embeddable":true,"href":"https:\/\/soul2sevenshop.com\/index.php?rest_route=%2Fwp%2Fv2%2Fcomments&post=21561"}],"version-history":[{"count":9,"href":"https:\/\/soul2sevenshop.com\/index.php?rest_route=\/wp\/v2\/product\/21561\/revisions"}],"predecessor-version":[{"id":22388,"href":"https:\/\/soul2sevenshop.com\/index.php?rest_route=\/wp\/v2\/product\/21561\/revisions\/22388"}],"wp:featuredmedia":[{"embeddable":true,"href":"https:\/\/soul2sevenshop.com\/index.php?rest_route=\/wp\/v2\/media\/21471"}],"wp:attachment":[{"href":"https:\/\/soul2sevenshop.com\/index.php?rest_route=%2Fwp%2Fv2%2Fmedia&parent=21561"}],"wp:term":[{"taxonomy":"product_brand","embeddable":true,"href":"https:\/\/soul2sevenshop.com\/index.php?rest_route=%2Fwp%2Fv2%2Fproduct_brand&post=21561"},{"taxonomy":"product_cat","embeddable":true,"href":"https:\/\/soul2sevenshop.com\/index.php?rest_route=%2Fwp%2Fv2%2Fproduct_cat&post=21561"},{"taxonomy":"product_tag","embeddable":true,"href":"https:\/\/soul2sevenshop.com\/index.php?rest_route=%2Fwp%2Fv2%2Fproduct_tag&post=21561"}],"curies":[{"name":"wp","href":"https:\/\/api.w.org\/{rel}","templated":true}]}}