{"id":21812,"date":"2024-09-22T18:53:30","date_gmt":"2024-09-22T15:53:30","guid":{"rendered":"https:\/\/soul2sevenshop.com\/?post_type=product&#038;p=21812"},"modified":"2026-03-25T21:56:48","modified_gmt":"2026-03-25T18:56:48","slug":"big-number-1","status":"publish","type":"product","link":"https:\/\/soul2sevenshop.com\/?product=big-number-1","title":{"rendered":"B\u00fcy\u00fck Ya\u015fam Say\u0131s\u0131 1"},"content":{"rendered":"","protected":false},"excerpt":{"rendered":"<p>E\u015eS\u0130Z K\u0130\u015e\u0130L\u0130KLER:<br \/>\nDo\u011fu\u015ftan lider ve ba\u011f\u0131ms\u0131z bireylerdir. \u00d6zg\u00fcveni y\u00fcksek 1&#8217;lerin yarat\u0131c\u0131l\u0131k ve yenilik\u00e7ilik \u00f6zellikleri y\u00fcksektir. Olduk\u00e7a azimlidirler.<\/p>\n<p>Zincirsiz sat\u0131lmaktad\u0131r. Dilerseniz &#8216;Kombinle&#8217; k\u0131sm\u0131ndan zincir ekleyebilirsiniz.<br \/>\n\u00dcr\u00fcn g\u00f6rseldeki anlam kart\u0131yla birlikte g\u00f6nderilecektir.<\/p>\n","protected":false},"featured_media":21811,"comment_status":"open","ping_status":"closed","template":"","meta":{"_eb_attr":""},"product_brand":[],"product_cat":[158,70,114],"product_tag":[],"class_list":{"0":"post-21812","1":"product","2":"type-product","3":"status-publish","4":"has-post-thumbnail","6":"product_cat-charm","7":"product_cat-yasam-sayisi","8":"product_cat-numara-1","10":"first","11":"instock","12":"taxable","13":"shipping-taxable","14":"purchasable","15":"product-type-variable"},"_links":{"self":[{"href":"https:\/\/soul2sevenshop.com\/index.php?rest_route=\/wp\/v2\/product\/21812","targetHints":{"allow":["GET"]}}],"collection":[{"href":"https:\/\/soul2sevenshop.com\/index.php?rest_route=\/wp\/v2\/product"}],"about":[{"href":"https:\/\/soul2sevenshop.com\/index.php?rest_route=\/wp\/v2\/types\/product"}],"replies":[{"embeddable":true,"href":"https:\/\/soul2sevenshop.com\/index.php?rest_route=%2Fwp%2Fv2%2Fcomments&post=21812"}],"version-history":[{"count":3,"href":"https:\/\/soul2sevenshop.com\/index.php?rest_route=\/wp\/v2\/product\/21812\/revisions"}],"predecessor-version":[{"id":22376,"href":"https:\/\/soul2sevenshop.com\/index.php?rest_route=\/wp\/v2\/product\/21812\/revisions\/22376"}],"wp:featuredmedia":[{"embeddable":true,"href":"https:\/\/soul2sevenshop.com\/index.php?rest_route=\/wp\/v2\/media\/21811"}],"wp:attachment":[{"href":"https:\/\/soul2sevenshop.com\/index.php?rest_route=%2Fwp%2Fv2%2Fmedia&parent=21812"}],"wp:term":[{"taxonomy":"product_brand","embeddable":true,"href":"https:\/\/soul2sevenshop.com\/index.php?rest_route=%2Fwp%2Fv2%2Fproduct_brand&post=21812"},{"taxonomy":"product_cat","embeddable":true,"href":"https:\/\/soul2sevenshop.com\/index.php?rest_route=%2Fwp%2Fv2%2Fproduct_cat&post=21812"},{"taxonomy":"product_tag","embeddable":true,"href":"https:\/\/soul2sevenshop.com\/index.php?rest_route=%2Fwp%2Fv2%2Fproduct_tag&post=21812"}],"curies":[{"name":"wp","href":"https:\/\/api.w.org\/{rel}","templated":true}]}}