{"id":21840,"date":"2024-09-22T19:09:24","date_gmt":"2024-09-22T16:09:24","guid":{"rendered":"https:\/\/soul2sevenshop.com\/?post_type=product&#038;p=21840"},"modified":"2026-03-25T22:02:07","modified_gmt":"2026-03-25T19:02:07","slug":"buyuk-numara-5","status":"publish","type":"product","link":"https:\/\/soul2sevenshop.com\/?product=buyuk-numara-5","title":{"rendered":"B\u00fcy\u00fck Ya\u015fam Say\u0131s\u0131 5"},"content":{"rendered":"","protected":false},"excerpt":{"rendered":"<p>YETENEKL\u0130 5&#8217;LER<br \/>\nDe\u011fi\u015fim insan\u0131d\u0131rlar. Yeni \u015feyler ke\u015ffetmek, kendilerini s\u00fcrekli geli\u015ftirmek ve girdikleri ortamda dikkatleri \u00fczerine \u00e7ekmek konusunda son derece yetenklidirler. E\u011fer kendi odaklar\u0131n\u0131 sa\u011flayabilirlerse yapamayacaklar\u0131 i\u015f yoktur.<\/p>\n<p>Zincirsiz sat\u0131lmaktad\u0131r. Dilerseniz &#8216;Kombinle&#8217; k\u0131sm\u0131ndan zincir ekleyebilirsiniz.<br \/>\n\u00dcr\u00fcn g\u00f6rseldeki anlam kart\u0131yla birlikte g\u00f6nderilecektir.<\/p>\n","protected":false},"featured_media":21823,"comment_status":"open","ping_status":"closed","template":"","meta":{"_eb_attr":""},"product_brand":[],"product_cat":[158,70,105],"product_tag":[],"class_list":{"0":"post-21840","1":"product","2":"type-product","3":"status-publish","4":"has-post-thumbnail","6":"product_cat-charm","7":"product_cat-yasam-sayisi","8":"product_cat-numara-5","10":"first","11":"instock","12":"taxable","13":"shipping-taxable","14":"purchasable","15":"product-type-variable"},"_links":{"self":[{"href":"https:\/\/soul2sevenshop.com\/index.php?rest_route=\/wp\/v2\/product\/21840","targetHints":{"allow":["GET"]}}],"collection":[{"href":"https:\/\/soul2sevenshop.com\/index.php?rest_route=\/wp\/v2\/product"}],"about":[{"href":"https:\/\/soul2sevenshop.com\/index.php?rest_route=\/wp\/v2\/types\/product"}],"replies":[{"embeddable":true,"href":"https:\/\/soul2sevenshop.com\/index.php?rest_route=%2Fwp%2Fv2%2Fcomments&post=21840"}],"version-history":[{"count":2,"href":"https:\/\/soul2sevenshop.com\/index.php?rest_route=\/wp\/v2\/product\/21840\/revisions"}],"predecessor-version":[{"id":22380,"href":"https:\/\/soul2sevenshop.com\/index.php?rest_route=\/wp\/v2\/product\/21840\/revisions\/22380"}],"wp:featuredmedia":[{"embeddable":true,"href":"https:\/\/soul2sevenshop.com\/index.php?rest_route=\/wp\/v2\/media\/21823"}],"wp:attachment":[{"href":"https:\/\/soul2sevenshop.com\/index.php?rest_route=%2Fwp%2Fv2%2Fmedia&parent=21840"}],"wp:term":[{"taxonomy":"product_brand","embeddable":true,"href":"https:\/\/soul2sevenshop.com\/index.php?rest_route=%2Fwp%2Fv2%2Fproduct_brand&post=21840"},{"taxonomy":"product_cat","embeddable":true,"href":"https:\/\/soul2sevenshop.com\/index.php?rest_route=%2Fwp%2Fv2%2Fproduct_cat&post=21840"},{"taxonomy":"product_tag","embeddable":true,"href":"https:\/\/soul2sevenshop.com\/index.php?rest_route=%2Fwp%2Fv2%2Fproduct_tag&post=21840"}],"curies":[{"name":"wp","href":"https:\/\/api.w.org\/{rel}","templated":true}]}}