{"id":21843,"date":"2024-09-22T19:12:25","date_gmt":"2024-09-22T16:12:25","guid":{"rendered":"https:\/\/soul2sevenshop.com\/?post_type=product&#038;p=21843"},"modified":"2026-03-25T22:02:53","modified_gmt":"2026-03-25T19:02:53","slug":"buyuk-numara-6","status":"publish","type":"product","link":"https:\/\/soul2sevenshop.com\/?product=buyuk-numara-6","title":{"rendered":"B\u00fcy\u00fck Ya\u015fam Say\u0131s\u0131 6"},"content":{"rendered":"","protected":false},"excerpt":{"rendered":"<p>G\u00d6N\u00dcLDEN BA\u011eLI 6&#8217;LAR<br \/>\nKalpleri onlar\u0131n pusulas\u0131d\u0131r. \u0130\u00e7lerinden gelen sese kulak verdiklerinde hayat\u0131n gizemini \u00e7\u00f6zebilirler. Sad\u0131k birer arkada\u015f veya sevgili olabilirler. Hayatlar\u0131nda netlik olsun isterler. Bu y\u00fczden olaylara &#8216;Ya hep ya hi\u00e7&#8217; olarak yakla\u015f\u0131rlar.<\/p>\n<p>Zincirsiz sat\u0131lmaktad\u0131r. Dilerseniz &#8216;Kombinle&#8217; k\u0131sm\u0131ndan zincir ekleyebilirsiniz.<br \/>\n\u00dcr\u00fcn g\u00f6rseldeki anlam kart\u0131yla birlikte g\u00f6nderilecektir.<\/p>\n","protected":false},"featured_media":21814,"comment_status":"open","ping_status":"closed","template":"","meta":{"_eb_attr":""},"product_brand":[],"product_cat":[158,70,106],"product_tag":[],"class_list":{"0":"post-21843","1":"product","2":"type-product","3":"status-publish","4":"has-post-thumbnail","6":"product_cat-charm","7":"product_cat-yasam-sayisi","8":"product_cat-numara-6","10":"first","11":"instock","12":"taxable","13":"shipping-taxable","14":"purchasable","15":"product-type-variable"},"_links":{"self":[{"href":"https:\/\/soul2sevenshop.com\/index.php?rest_route=\/wp\/v2\/product\/21843","targetHints":{"allow":["GET"]}}],"collection":[{"href":"https:\/\/soul2sevenshop.com\/index.php?rest_route=\/wp\/v2\/product"}],"about":[{"href":"https:\/\/soul2sevenshop.com\/index.php?rest_route=\/wp\/v2\/types\/product"}],"replies":[{"embeddable":true,"href":"https:\/\/soul2sevenshop.com\/index.php?rest_route=%2Fwp%2Fv2%2Fcomments&post=21843"}],"version-history":[{"count":2,"href":"https:\/\/soul2sevenshop.com\/index.php?rest_route=\/wp\/v2\/product\/21843\/revisions"}],"predecessor-version":[{"id":22381,"href":"https:\/\/soul2sevenshop.com\/index.php?rest_route=\/wp\/v2\/product\/21843\/revisions\/22381"}],"wp:featuredmedia":[{"embeddable":true,"href":"https:\/\/soul2sevenshop.com\/index.php?rest_route=\/wp\/v2\/media\/21814"}],"wp:attachment":[{"href":"https:\/\/soul2sevenshop.com\/index.php?rest_route=%2Fwp%2Fv2%2Fmedia&parent=21843"}],"wp:term":[{"taxonomy":"product_brand","embeddable":true,"href":"https:\/\/soul2sevenshop.com\/index.php?rest_route=%2Fwp%2Fv2%2Fproduct_brand&post=21843"},{"taxonomy":"product_cat","embeddable":true,"href":"https:\/\/soul2sevenshop.com\/index.php?rest_route=%2Fwp%2Fv2%2Fproduct_cat&post=21843"},{"taxonomy":"product_tag","embeddable":true,"href":"https:\/\/soul2sevenshop.com\/index.php?rest_route=%2Fwp%2Fv2%2Fproduct_tag&post=21843"}],"curies":[{"name":"wp","href":"https:\/\/api.w.org\/{rel}","templated":true}]}}