{"id":21849,"date":"2024-09-22T19:17:11","date_gmt":"2024-09-22T16:17:11","guid":{"rendered":"https:\/\/soul2sevenshop.com\/?post_type=product&#038;p=21849"},"modified":"2026-03-25T22:04:22","modified_gmt":"2026-03-25T19:04:22","slug":"buyuk-numara-8","status":"publish","type":"product","link":"https:\/\/soul2sevenshop.com\/?product=buyuk-numara-8","title":{"rendered":"B\u00fcy\u00fck Ya\u015fam Say\u0131s\u0131 8"},"content":{"rendered":"","protected":false},"excerpt":{"rendered":"<p>BEREKETL\u0130 8LER<br \/>\nG\u00fc\u00e7l\u00fc bir imaja sahip olan 8ler bazen \u00e7ok k\u0131r\u0131lgan da olabilir. Maddiyat ve maneviyat aras\u0131nda kusursuz bir denge kurabilirler. Bu d\u00fcnyaya pozitif olarak faydal\u0131 olabilmek i\u00e7in gelmi\u015flerdir. Motive olurlarsa her \u015feyin \u00fcst\u00fcnden gelebilirler.<\/p>\n<p>Zincirsiz sat\u0131lmaktad\u0131r. Dilerseniz &#8216;Kombinle&#8217; k\u0131sm\u0131ndan zincir ekleyebilirsiniz.<br \/>\n\u00dcr\u00fcn g\u00f6rseldeki anlam kart\u0131yla birlikte g\u00f6nderilecektir.<\/p>\n","protected":false},"featured_media":21819,"comment_status":"open","ping_status":"closed","template":"","meta":{"_eb_attr":""},"product_brand":[],"product_cat":[158,70,119],"product_tag":[],"class_list":{"0":"post-21849","1":"product","2":"type-product","3":"status-publish","4":"has-post-thumbnail","6":"product_cat-charm","7":"product_cat-yasam-sayisi","8":"product_cat-numara-8","10":"first","11":"instock","12":"taxable","13":"shipping-taxable","14":"purchasable","15":"product-type-variable"},"_links":{"self":[{"href":"https:\/\/soul2sevenshop.com\/index.php?rest_route=\/wp\/v2\/product\/21849","targetHints":{"allow":["GET"]}}],"collection":[{"href":"https:\/\/soul2sevenshop.com\/index.php?rest_route=\/wp\/v2\/product"}],"about":[{"href":"https:\/\/soul2sevenshop.com\/index.php?rest_route=\/wp\/v2\/types\/product"}],"replies":[{"embeddable":true,"href":"https:\/\/soul2sevenshop.com\/index.php?rest_route=%2Fwp%2Fv2%2Fcomments&post=21849"}],"version-history":[{"count":2,"href":"https:\/\/soul2sevenshop.com\/index.php?rest_route=\/wp\/v2\/product\/21849\/revisions"}],"predecessor-version":[{"id":22383,"href":"https:\/\/soul2sevenshop.com\/index.php?rest_route=\/wp\/v2\/product\/21849\/revisions\/22383"}],"wp:featuredmedia":[{"embeddable":true,"href":"https:\/\/soul2sevenshop.com\/index.php?rest_route=\/wp\/v2\/media\/21819"}],"wp:attachment":[{"href":"https:\/\/soul2sevenshop.com\/index.php?rest_route=%2Fwp%2Fv2%2Fmedia&parent=21849"}],"wp:term":[{"taxonomy":"product_brand","embeddable":true,"href":"https:\/\/soul2sevenshop.com\/index.php?rest_route=%2Fwp%2Fv2%2Fproduct_brand&post=21849"},{"taxonomy":"product_cat","embeddable":true,"href":"https:\/\/soul2sevenshop.com\/index.php?rest_route=%2Fwp%2Fv2%2Fproduct_cat&post=21849"},{"taxonomy":"product_tag","embeddable":true,"href":"https:\/\/soul2sevenshop.com\/index.php?rest_route=%2Fwp%2Fv2%2Fproduct_tag&post=21849"}],"curies":[{"name":"wp","href":"https:\/\/api.w.org\/{rel}","templated":true}]}}