{"id":22317,"date":"2025-08-31T23:55:10","date_gmt":"2025-08-31T20:55:10","guid":{"rendered":"https:\/\/soul2sevenshop.com\/?post_type=product&#038;p=22317"},"modified":"2025-09-01T00:01:49","modified_gmt":"2025-08-31T21:01:49","slug":"believe-necklace","status":"publish","type":"product","link":"https:\/\/soul2sevenshop.com\/?product=believe-necklace","title":{"rendered":"Believe Necklace"},"content":{"rendered":"","protected":false},"excerpt":{"rendered":"<p>Believe; minimal formda g\u00fc\u00e7l\u00fc bir mesaj!<br \/>\n925 ayar g\u00fcm\u00fc\u015f \u00fczeri alt\u0131n kaplamad\u0131r. Arkas\u0131nda k\u00fc\u00e7\u00fck yaz\u0131lm\u0131\u015f &#8216;believe&#8217; kelimesi vard\u0131r; \u00e7ift tarafl\u0131 kullan\u0131m i\u00e7in uygundur. Zincir boyu 45+5 cm&#8217;dir.<\/p>\n","protected":false},"featured_media":22292,"comment_status":"open","ping_status":"closed","template":"","meta":{"_eb_attr":""},"product_brand":[],"product_cat":[159,152],"product_tag":[],"class_list":{"0":"post-22317","1":"product","2":"type-product","3":"status-publish","4":"has-post-thumbnail","6":"product_cat-kolye","7":"product_cat-yeni-gelenler","9":"first","10":"instock","11":"taxable","12":"shipping-taxable","13":"purchasable","14":"product-type-simple"},"_links":{"self":[{"href":"https:\/\/soul2sevenshop.com\/index.php?rest_route=\/wp\/v2\/product\/22317","targetHints":{"allow":["GET"]}}],"collection":[{"href":"https:\/\/soul2sevenshop.com\/index.php?rest_route=\/wp\/v2\/product"}],"about":[{"href":"https:\/\/soul2sevenshop.com\/index.php?rest_route=\/wp\/v2\/types\/product"}],"replies":[{"embeddable":true,"href":"https:\/\/soul2sevenshop.com\/index.php?rest_route=%2Fwp%2Fv2%2Fcomments&post=22317"}],"version-history":[{"count":1,"href":"https:\/\/soul2sevenshop.com\/index.php?rest_route=\/wp\/v2\/product\/22317\/revisions"}],"predecessor-version":[{"id":22318,"href":"https:\/\/soul2sevenshop.com\/index.php?rest_route=\/wp\/v2\/product\/22317\/revisions\/22318"}],"wp:featuredmedia":[{"embeddable":true,"href":"https:\/\/soul2sevenshop.com\/index.php?rest_route=\/wp\/v2\/media\/22292"}],"wp:attachment":[{"href":"https:\/\/soul2sevenshop.com\/index.php?rest_route=%2Fwp%2Fv2%2Fmedia&parent=22317"}],"wp:term":[{"taxonomy":"product_brand","embeddable":true,"href":"https:\/\/soul2sevenshop.com\/index.php?rest_route=%2Fwp%2Fv2%2Fproduct_brand&post=22317"},{"taxonomy":"product_cat","embeddable":true,"href":"https:\/\/soul2sevenshop.com\/index.php?rest_route=%2Fwp%2Fv2%2Fproduct_cat&post=22317"},{"taxonomy":"product_tag","embeddable":true,"href":"https:\/\/soul2sevenshop.com\/index.php?rest_route=%2Fwp%2Fv2%2Fproduct_tag&post=22317"}],"curies":[{"name":"wp","href":"https:\/\/api.w.org\/{rel}","templated":true}]}}