{"id":22325,"date":"2025-09-01T00:12:29","date_gmt":"2025-08-31T21:12:29","guid":{"rendered":"https:\/\/soul2sevenshop.com\/?post_type=product&#038;p=22325"},"modified":"2026-02-01T16:37:30","modified_gmt":"2026-02-01T13:37:30","slug":"linka-bracelet","status":"publish","type":"product","link":"https:\/\/soul2sevenshop.com\/?product=linka-bracelet","title":{"rendered":"Linka Bracelet"},"content":{"rendered":"","protected":false},"excerpt":{"rendered":"<p>Alt\u0131n \u00e7izgilerle birle\u015fen modern dokunu\u015f!<br \/>\nPirin\u00e7 \u00fczeri alt\u0131n kaplamad\u0131r. \u0130p k\u0131sm\u0131ndan boyu ayarlanabilir. Unisex kullan\u0131m i\u00e7in uygundur. \u0130p rengi se\u00e7imi yaparak sepete ekleyebilirsiniz.<\/p>\n","protected":false},"featured_media":22290,"comment_status":"open","ping_status":"closed","template":"","meta":{"_eb_attr":""},"product_brand":[],"product_cat":[157,152],"product_tag":[],"class_list":{"0":"post-22325","1":"product","2":"type-product","3":"status-publish","4":"has-post-thumbnail","6":"product_cat-bileklik","7":"product_cat-yeni-gelenler","9":"first","10":"instock","11":"taxable","12":"shipping-taxable","13":"purchasable","14":"product-type-variable"},"_links":{"self":[{"href":"https:\/\/soul2sevenshop.com\/index.php?rest_route=\/wp\/v2\/product\/22325","targetHints":{"allow":["GET"]}}],"collection":[{"href":"https:\/\/soul2sevenshop.com\/index.php?rest_route=\/wp\/v2\/product"}],"about":[{"href":"https:\/\/soul2sevenshop.com\/index.php?rest_route=\/wp\/v2\/types\/product"}],"replies":[{"embeddable":true,"href":"https:\/\/soul2sevenshop.com\/index.php?rest_route=%2Fwp%2Fv2%2Fcomments&post=22325"}],"version-history":[{"count":1,"href":"https:\/\/soul2sevenshop.com\/index.php?rest_route=\/wp\/v2\/product\/22325\/revisions"}],"predecessor-version":[{"id":22330,"href":"https:\/\/soul2sevenshop.com\/index.php?rest_route=\/wp\/v2\/product\/22325\/revisions\/22330"}],"wp:featuredmedia":[{"embeddable":true,"href":"https:\/\/soul2sevenshop.com\/index.php?rest_route=\/wp\/v2\/media\/22290"}],"wp:attachment":[{"href":"https:\/\/soul2sevenshop.com\/index.php?rest_route=%2Fwp%2Fv2%2Fmedia&parent=22325"}],"wp:term":[{"taxonomy":"product_brand","embeddable":true,"href":"https:\/\/soul2sevenshop.com\/index.php?rest_route=%2Fwp%2Fv2%2Fproduct_brand&post=22325"},{"taxonomy":"product_cat","embeddable":true,"href":"https:\/\/soul2sevenshop.com\/index.php?rest_route=%2Fwp%2Fv2%2Fproduct_cat&post=22325"},{"taxonomy":"product_tag","embeddable":true,"href":"https:\/\/soul2sevenshop.com\/index.php?rest_route=%2Fwp%2Fv2%2Fproduct_tag&post=22325"}],"curies":[{"name":"wp","href":"https:\/\/api.w.org\/{rel}","templated":true}]}}