{"id":22336,"date":"2025-09-01T00:27:25","date_gmt":"2025-08-31T21:27:25","guid":{"rendered":"https:\/\/soul2sevenshop.com\/?post_type=product&#038;p=22336"},"modified":"2026-02-01T16:41:13","modified_gmt":"2026-02-01T13:41:13","slug":"lumi-bar-necklace","status":"publish","type":"product","link":"https:\/\/soul2sevenshop.com\/?product=lumi-bar-necklace","title":{"rendered":"Lumi Bar Necklace"},"content":{"rendered":"","protected":false},"excerpt":{"rendered":"<p>I\u015f\u0131lt\u0131l\u0131 \u00e7izgisiyle minimal \u015f\u0131kl\u0131k sunan Lumi Bar hem g\u00fcnd\u00fcz hem gece rahatl\u0131kla kullan\u0131labilir. Gold ve g\u00fcm\u00fc\u015f\u00fcn birlikte kullan\u0131m\u0131yla g\u00fc\u00e7l\u00fc bir stil sunar!<br \/>\n925 ayar g\u00fcm\u00fc\u015f, zincir k\u0131sm\u0131 alt\u0131n kaplamad\u0131r. Zincir boyu 40+5 cm&#8217;dir. <\/p>\n","protected":false},"featured_media":22299,"comment_status":"open","ping_status":"closed","template":"","meta":{"_eb_attr":""},"product_brand":[],"product_cat":[159,152],"product_tag":[],"class_list":{"0":"post-22336","1":"product","2":"type-product","3":"status-publish","4":"has-post-thumbnail","6":"product_cat-kolye","7":"product_cat-yeni-gelenler","9":"first","10":"instock","11":"taxable","12":"shipping-taxable","13":"purchasable","14":"product-type-simple"},"_links":{"self":[{"href":"https:\/\/soul2sevenshop.com\/index.php?rest_route=\/wp\/v2\/product\/22336","targetHints":{"allow":["GET"]}}],"collection":[{"href":"https:\/\/soul2sevenshop.com\/index.php?rest_route=\/wp\/v2\/product"}],"about":[{"href":"https:\/\/soul2sevenshop.com\/index.php?rest_route=\/wp\/v2\/types\/product"}],"replies":[{"embeddable":true,"href":"https:\/\/soul2sevenshop.com\/index.php?rest_route=%2Fwp%2Fv2%2Fcomments&post=22336"}],"version-history":[{"count":2,"href":"https:\/\/soul2sevenshop.com\/index.php?rest_route=\/wp\/v2\/product\/22336\/revisions"}],"predecessor-version":[{"id":22349,"href":"https:\/\/soul2sevenshop.com\/index.php?rest_route=\/wp\/v2\/product\/22336\/revisions\/22349"}],"wp:featuredmedia":[{"embeddable":true,"href":"https:\/\/soul2sevenshop.com\/index.php?rest_route=\/wp\/v2\/media\/22299"}],"wp:attachment":[{"href":"https:\/\/soul2sevenshop.com\/index.php?rest_route=%2Fwp%2Fv2%2Fmedia&parent=22336"}],"wp:term":[{"taxonomy":"product_brand","embeddable":true,"href":"https:\/\/soul2sevenshop.com\/index.php?rest_route=%2Fwp%2Fv2%2Fproduct_brand&post=22336"},{"taxonomy":"product_cat","embeddable":true,"href":"https:\/\/soul2sevenshop.com\/index.php?rest_route=%2Fwp%2Fv2%2Fproduct_cat&post=22336"},{"taxonomy":"product_tag","embeddable":true,"href":"https:\/\/soul2sevenshop.com\/index.php?rest_route=%2Fwp%2Fv2%2Fproduct_tag&post=22336"}],"curies":[{"name":"wp","href":"https:\/\/api.w.org\/{rel}","templated":true}]}}