{"id":22445,"date":"2025-09-22T23:48:25","date_gmt":"2025-09-22T20:48:25","guid":{"rendered":"https:\/\/soul2sevenshop.com\/?post_type=product&#038;p=22445"},"modified":"2025-09-22T23:48:25","modified_gmt":"2025-09-22T20:48:25","slug":"halo-necklace","status":"publish","type":"product","link":"https:\/\/soul2sevenshop.com\/?product=halo-necklace","title":{"rendered":"Halo Necklace"},"content":{"rendered":"","protected":false},"excerpt":{"rendered":"<p>Zarif halkalar \u0131\u015f\u0131lt\u0131l\u0131 ta\u015flarla birle\u015ftirildi. G\u00fcnl\u00fck kullan\u0131ma \u015f\u0131k bir dokunu\u015f!<br \/>\n925 ayar g\u00fcm\u00fc\u015f \u00fczeri alt\u0131n kaplamad\u0131r. Zincir boyu 45+5 cmdir.<\/p>\n","protected":false},"featured_media":22427,"comment_status":"open","ping_status":"closed","template":"","meta":{"_eb_attr":""},"product_brand":[],"product_cat":[159,152],"product_tag":[],"class_list":{"0":"post-22445","1":"product","2":"type-product","3":"status-publish","4":"has-post-thumbnail","6":"product_cat-kolye","7":"product_cat-yeni-gelenler","9":"first","10":"instock","11":"taxable","12":"shipping-taxable","13":"purchasable","14":"product-type-simple"},"_links":{"self":[{"href":"https:\/\/soul2sevenshop.com\/index.php?rest_route=\/wp\/v2\/product\/22445","targetHints":{"allow":["GET"]}}],"collection":[{"href":"https:\/\/soul2sevenshop.com\/index.php?rest_route=\/wp\/v2\/product"}],"about":[{"href":"https:\/\/soul2sevenshop.com\/index.php?rest_route=\/wp\/v2\/types\/product"}],"replies":[{"embeddable":true,"href":"https:\/\/soul2sevenshop.com\/index.php?rest_route=%2Fwp%2Fv2%2Fcomments&post=22445"}],"version-history":[{"count":1,"href":"https:\/\/soul2sevenshop.com\/index.php?rest_route=\/wp\/v2\/product\/22445\/revisions"}],"predecessor-version":[{"id":22446,"href":"https:\/\/soul2sevenshop.com\/index.php?rest_route=\/wp\/v2\/product\/22445\/revisions\/22446"}],"wp:featuredmedia":[{"embeddable":true,"href":"https:\/\/soul2sevenshop.com\/index.php?rest_route=\/wp\/v2\/media\/22427"}],"wp:attachment":[{"href":"https:\/\/soul2sevenshop.com\/index.php?rest_route=%2Fwp%2Fv2%2Fmedia&parent=22445"}],"wp:term":[{"taxonomy":"product_brand","embeddable":true,"href":"https:\/\/soul2sevenshop.com\/index.php?rest_route=%2Fwp%2Fv2%2Fproduct_brand&post=22445"},{"taxonomy":"product_cat","embeddable":true,"href":"https:\/\/soul2sevenshop.com\/index.php?rest_route=%2Fwp%2Fv2%2Fproduct_cat&post=22445"},{"taxonomy":"product_tag","embeddable":true,"href":"https:\/\/soul2sevenshop.com\/index.php?rest_route=%2Fwp%2Fv2%2Fproduct_tag&post=22445"}],"curies":[{"name":"wp","href":"https:\/\/api.w.org\/{rel}","templated":true}]}}