{"id":22453,"date":"2025-10-06T20:26:36","date_gmt":"2025-10-06T17:26:36","guid":{"rendered":"https:\/\/soul2sevenshop.com\/?post_type=product&#038;p=22453"},"modified":"2026-02-01T16:34:21","modified_gmt":"2026-02-01T13:34:21","slug":"cameo-necklace","status":"publish","type":"product","link":"https:\/\/soul2sevenshop.com\/?product=cameo-necklace","title":{"rendered":"Cameo Necklace"},"content":{"rendered":"","protected":false},"excerpt":{"rendered":"<p>Klasik kabartmal\u0131 &#8216;cameo&#8217; madalyonuyla, ince alt\u0131n zincirin zamans\u0131z zarafeti yans\u0131tmas\u0131&#8230;<\/p>\n<p>925 ayar g\u00fcm\u00fc\u015f \u00fczeri alt\u0131n kaplamad\u0131r. \u0130\u00e7erisinde hem g\u00fcm\u00fc\u015f hem alt\u0131n renkleri bulundu\u011fu i\u00e7in diledi\u011finiz materyal ile kullanabilirsiniz. Unisex kullan\u0131m i\u00e7in uygundur. Zincir boyu 50+5 cmdir.<\/p>\n","protected":false},"featured_media":22468,"comment_status":"open","ping_status":"closed","template":"","meta":{"_eb_attr":""},"product_brand":[],"product_cat":[159,152],"product_tag":[],"class_list":{"0":"post-22453","1":"product","2":"type-product","3":"status-publish","4":"has-post-thumbnail","6":"product_cat-kolye","7":"product_cat-yeni-gelenler","9":"first","10":"instock","11":"taxable","12":"shipping-taxable","13":"purchasable","14":"product-type-simple"},"_links":{"self":[{"href":"https:\/\/soul2sevenshop.com\/index.php?rest_route=\/wp\/v2\/product\/22453","targetHints":{"allow":["GET"]}}],"collection":[{"href":"https:\/\/soul2sevenshop.com\/index.php?rest_route=\/wp\/v2\/product"}],"about":[{"href":"https:\/\/soul2sevenshop.com\/index.php?rest_route=\/wp\/v2\/types\/product"}],"replies":[{"embeddable":true,"href":"https:\/\/soul2sevenshop.com\/index.php?rest_route=%2Fwp%2Fv2%2Fcomments&post=22453"}],"version-history":[{"count":1,"href":"https:\/\/soul2sevenshop.com\/index.php?rest_route=\/wp\/v2\/product\/22453\/revisions"}],"predecessor-version":[{"id":22469,"href":"https:\/\/soul2sevenshop.com\/index.php?rest_route=\/wp\/v2\/product\/22453\/revisions\/22469"}],"wp:featuredmedia":[{"embeddable":true,"href":"https:\/\/soul2sevenshop.com\/index.php?rest_route=\/wp\/v2\/media\/22468"}],"wp:attachment":[{"href":"https:\/\/soul2sevenshop.com\/index.php?rest_route=%2Fwp%2Fv2%2Fmedia&parent=22453"}],"wp:term":[{"taxonomy":"product_brand","embeddable":true,"href":"https:\/\/soul2sevenshop.com\/index.php?rest_route=%2Fwp%2Fv2%2Fproduct_brand&post=22453"},{"taxonomy":"product_cat","embeddable":true,"href":"https:\/\/soul2sevenshop.com\/index.php?rest_route=%2Fwp%2Fv2%2Fproduct_cat&post=22453"},{"taxonomy":"product_tag","embeddable":true,"href":"https:\/\/soul2sevenshop.com\/index.php?rest_route=%2Fwp%2Fv2%2Fproduct_tag&post=22453"}],"curies":[{"name":"wp","href":"https:\/\/api.w.org\/{rel}","templated":true}]}}