{"id":22473,"date":"2025-10-06T20:33:49","date_gmt":"2025-10-06T17:33:49","guid":{"rendered":"https:\/\/soul2sevenshop.com\/?post_type=product&#038;p=22473"},"modified":"2026-01-19T22:07:35","modified_gmt":"2026-01-19T19:07:35","slug":"cordelia-ring","status":"publish","type":"product","link":"https:\/\/soul2sevenshop.com\/?product=cordelia-ring","title":{"rendered":"Cordelia Ring"},"content":{"rendered":"","protected":false},"excerpt":{"rendered":"<p>K\u0131vr\u0131ml\u0131 dokusuyla deniz kabu\u011funu and\u0131ran, zarif g\u00fc\u00e7l\u00fc ve zamans\u0131z bir y\u00fcz\u00fck&#8230;.<\/p>\n<p>925 ayar g\u00fcm\u00fc\u015f \u00fczeri alt\u0131n kaplamad\u0131r. Ayarlanabilir olmas\u0131 sebebiyle farkl\u0131 parmaklarda kombinleyebilirsiniz.<\/p>\n","protected":false},"featured_media":22462,"comment_status":"open","ping_status":"closed","template":"","meta":{"_eb_attr":""},"product_brand":[],"product_cat":[152,156],"product_tag":[],"class_list":{"0":"post-22473","1":"product","2":"type-product","3":"status-publish","4":"has-post-thumbnail","6":"product_cat-yeni-gelenler","7":"product_cat-yuzuk","9":"first","10":"instock","11":"taxable","12":"shipping-taxable","13":"purchasable","14":"product-type-simple"},"_links":{"self":[{"href":"https:\/\/soul2sevenshop.com\/index.php?rest_route=\/wp\/v2\/product\/22473","targetHints":{"allow":["GET"]}}],"collection":[{"href":"https:\/\/soul2sevenshop.com\/index.php?rest_route=\/wp\/v2\/product"}],"about":[{"href":"https:\/\/soul2sevenshop.com\/index.php?rest_route=\/wp\/v2\/types\/product"}],"replies":[{"embeddable":true,"href":"https:\/\/soul2sevenshop.com\/index.php?rest_route=%2Fwp%2Fv2%2Fcomments&post=22473"}],"version-history":[{"count":1,"href":"https:\/\/soul2sevenshop.com\/index.php?rest_route=\/wp\/v2\/product\/22473\/revisions"}],"predecessor-version":[{"id":22474,"href":"https:\/\/soul2sevenshop.com\/index.php?rest_route=\/wp\/v2\/product\/22473\/revisions\/22474"}],"wp:featuredmedia":[{"embeddable":true,"href":"https:\/\/soul2sevenshop.com\/index.php?rest_route=\/wp\/v2\/media\/22462"}],"wp:attachment":[{"href":"https:\/\/soul2sevenshop.com\/index.php?rest_route=%2Fwp%2Fv2%2Fmedia&parent=22473"}],"wp:term":[{"taxonomy":"product_brand","embeddable":true,"href":"https:\/\/soul2sevenshop.com\/index.php?rest_route=%2Fwp%2Fv2%2Fproduct_brand&post=22473"},{"taxonomy":"product_cat","embeddable":true,"href":"https:\/\/soul2sevenshop.com\/index.php?rest_route=%2Fwp%2Fv2%2Fproduct_cat&post=22473"},{"taxonomy":"product_tag","embeddable":true,"href":"https:\/\/soul2sevenshop.com\/index.php?rest_route=%2Fwp%2Fv2%2Fproduct_tag&post=22473"}],"curies":[{"name":"wp","href":"https:\/\/api.w.org\/{rel}","templated":true}]}}