{"id":22475,"date":"2025-10-06T20:38:13","date_gmt":"2025-10-06T17:38:13","guid":{"rendered":"https:\/\/soul2sevenshop.com\/?post_type=product&#038;p=22475"},"modified":"2026-01-19T22:07:52","modified_gmt":"2026-01-19T19:07:52","slug":"amora-ring","status":"publish","type":"product","link":"https:\/\/soul2sevenshop.com\/?product=amora-ring","title":{"rendered":"Amora Ring"},"content":{"rendered":"","protected":false},"excerpt":{"rendered":"<p>Par\u0131lt\u0131l\u0131 kalp detay\u0131yla s\u0131cakl\u0131k ve duyguyu bir araya getiren sade ama etkileyici bir dokunu\u015f&#8230;<\/p>\n<p>925 ayar g\u00fcm\u00fc\u015f \u00fczeri alt\u0131n kaplamad\u0131r. Sat\u0131n al\u0131rken parmak \u00f6l\u00e7\u00fcn\u00fcze g\u00f6re Small Medium veya Large olarak notlar k\u0131sm\u0131na ekleme yapabilirsiniz.<\/p>\n","protected":false},"featured_media":22459,"comment_status":"open","ping_status":"closed","template":"","meta":{"_eb_attr":""},"product_brand":[],"product_cat":[152,156],"product_tag":[],"class_list":{"0":"post-22475","1":"product","2":"type-product","3":"status-publish","4":"has-post-thumbnail","6":"product_cat-yeni-gelenler","7":"product_cat-yuzuk","9":"first","10":"instock","11":"taxable","12":"shipping-taxable","13":"purchasable","14":"product-type-simple"},"_links":{"self":[{"href":"https:\/\/soul2sevenshop.com\/index.php?rest_route=\/wp\/v2\/product\/22475","targetHints":{"allow":["GET"]}}],"collection":[{"href":"https:\/\/soul2sevenshop.com\/index.php?rest_route=\/wp\/v2\/product"}],"about":[{"href":"https:\/\/soul2sevenshop.com\/index.php?rest_route=\/wp\/v2\/types\/product"}],"replies":[{"embeddable":true,"href":"https:\/\/soul2sevenshop.com\/index.php?rest_route=%2Fwp%2Fv2%2Fcomments&post=22475"}],"version-history":[{"count":1,"href":"https:\/\/soul2sevenshop.com\/index.php?rest_route=\/wp\/v2\/product\/22475\/revisions"}],"predecessor-version":[{"id":22476,"href":"https:\/\/soul2sevenshop.com\/index.php?rest_route=\/wp\/v2\/product\/22475\/revisions\/22476"}],"wp:featuredmedia":[{"embeddable":true,"href":"https:\/\/soul2sevenshop.com\/index.php?rest_route=\/wp\/v2\/media\/22459"}],"wp:attachment":[{"href":"https:\/\/soul2sevenshop.com\/index.php?rest_route=%2Fwp%2Fv2%2Fmedia&parent=22475"}],"wp:term":[{"taxonomy":"product_brand","embeddable":true,"href":"https:\/\/soul2sevenshop.com\/index.php?rest_route=%2Fwp%2Fv2%2Fproduct_brand&post=22475"},{"taxonomy":"product_cat","embeddable":true,"href":"https:\/\/soul2sevenshop.com\/index.php?rest_route=%2Fwp%2Fv2%2Fproduct_cat&post=22475"},{"taxonomy":"product_tag","embeddable":true,"href":"https:\/\/soul2sevenshop.com\/index.php?rest_route=%2Fwp%2Fv2%2Fproduct_tag&post=22475"}],"curies":[{"name":"wp","href":"https:\/\/api.w.org\/{rel}","templated":true}]}}