{"id":22477,"date":"2025-10-06T20:42:46","date_gmt":"2025-10-06T17:42:46","guid":{"rendered":"https:\/\/soul2sevenshop.com\/?post_type=product&#038;p=22477"},"modified":"2025-10-06T20:42:46","modified_gmt":"2025-10-06T17:42:46","slug":"eros-ring","status":"publish","type":"product","link":"https:\/\/soul2sevenshop.com\/?product=eros-ring","title":{"rendered":"Eros Ring"},"content":{"rendered":"","protected":false},"excerpt":{"rendered":"<p>K\u00f6\u015feli hatlar\u0131 ve parlak alt\u0131n dokusuyla cesur bir duru\u015fa sahip&#8230; G\u00fcc\u00fcn, \u00f6zg\u00fcvenin ve zarafetin modern yorumu..<\/p>\n<p>925 ayar g\u00fcm\u00fc\u015f \u00fczeri alt\u0131n kaplamad\u0131r. Sat\u0131n al\u0131rken parmak \u00f6l\u00e7\u00fcn\u00fcze g\u00f6re Small Medium veya Large olarak notlar k\u0131sm\u0131na ekleme yapabilirsiniz.<\/p>\n","protected":false},"featured_media":22461,"comment_status":"open","ping_status":"closed","template":"","meta":{"_eb_attr":""},"product_brand":[],"product_cat":[152,156],"product_tag":[],"class_list":{"0":"post-22477","1":"product","2":"type-product","3":"status-publish","4":"has-post-thumbnail","6":"product_cat-yeni-gelenler","7":"product_cat-yuzuk","9":"first","10":"instock","11":"taxable","12":"shipping-taxable","13":"purchasable","14":"product-type-simple"},"_links":{"self":[{"href":"https:\/\/soul2sevenshop.com\/index.php?rest_route=\/wp\/v2\/product\/22477","targetHints":{"allow":["GET"]}}],"collection":[{"href":"https:\/\/soul2sevenshop.com\/index.php?rest_route=\/wp\/v2\/product"}],"about":[{"href":"https:\/\/soul2sevenshop.com\/index.php?rest_route=\/wp\/v2\/types\/product"}],"replies":[{"embeddable":true,"href":"https:\/\/soul2sevenshop.com\/index.php?rest_route=%2Fwp%2Fv2%2Fcomments&post=22477"}],"version-history":[{"count":1,"href":"https:\/\/soul2sevenshop.com\/index.php?rest_route=\/wp\/v2\/product\/22477\/revisions"}],"predecessor-version":[{"id":22478,"href":"https:\/\/soul2sevenshop.com\/index.php?rest_route=\/wp\/v2\/product\/22477\/revisions\/22478"}],"wp:featuredmedia":[{"embeddable":true,"href":"https:\/\/soul2sevenshop.com\/index.php?rest_route=\/wp\/v2\/media\/22461"}],"wp:attachment":[{"href":"https:\/\/soul2sevenshop.com\/index.php?rest_route=%2Fwp%2Fv2%2Fmedia&parent=22477"}],"wp:term":[{"taxonomy":"product_brand","embeddable":true,"href":"https:\/\/soul2sevenshop.com\/index.php?rest_route=%2Fwp%2Fv2%2Fproduct_brand&post=22477"},{"taxonomy":"product_cat","embeddable":true,"href":"https:\/\/soul2sevenshop.com\/index.php?rest_route=%2Fwp%2Fv2%2Fproduct_cat&post=22477"},{"taxonomy":"product_tag","embeddable":true,"href":"https:\/\/soul2sevenshop.com\/index.php?rest_route=%2Fwp%2Fv2%2Fproduct_tag&post=22477"}],"curies":[{"name":"wp","href":"https:\/\/api.w.org\/{rel}","templated":true}]}}