{"id":22481,"date":"2025-10-06T20:52:18","date_gmt":"2025-10-06T17:52:18","guid":{"rendered":"https:\/\/soul2sevenshop.com\/?post_type=product&#038;p=22481"},"modified":"2026-02-01T16:36:09","modified_gmt":"2026-02-01T13:36:09","slug":"eclipse-ring","status":"publish","type":"product","link":"https:\/\/soul2sevenshop.com\/?product=eclipse-ring","title":{"rendered":"Eclipse Ring"},"content":{"rendered":"","protected":false},"excerpt":{"rendered":"<p>I\u015f\u0131\u011f\u0131n ve g\u00f6lgenin bu zarif dengesinde sade bir \u0131\u015f\u0131lt\u0131 gizemli bir \u015f\u0131kl\u0131k sunuyor&#8230;<\/p>\n<p>925 ayar g\u00fcm\u00fc\u015f, gold olan\u0131 ayn\u0131 zamanda alt\u0131n kaplamad\u0131r. Sepete eklemeden \u00f6nce renk se\u00e7imi yapman\u0131z gerekmektedir. Ayarlanabilir bir \u00fcr\u00fcn oldu\u011fu i\u00e7in farkl\u0131 formlarda ve parmaklarda kullan\u0131ma uygundur.<\/p>\n","protected":false},"featured_media":22460,"comment_status":"open","ping_status":"closed","template":"","meta":{"_eb_attr":""},"product_brand":[],"product_cat":[152,156],"product_tag":[],"class_list":{"0":"post-22481","1":"product","2":"type-product","3":"status-publish","4":"has-post-thumbnail","6":"product_cat-yeni-gelenler","7":"product_cat-yuzuk","9":"first","10":"instock","11":"taxable","12":"shipping-taxable","13":"purchasable","14":"product-type-variable"},"_links":{"self":[{"href":"https:\/\/soul2sevenshop.com\/index.php?rest_route=\/wp\/v2\/product\/22481","targetHints":{"allow":["GET"]}}],"collection":[{"href":"https:\/\/soul2sevenshop.com\/index.php?rest_route=\/wp\/v2\/product"}],"about":[{"href":"https:\/\/soul2sevenshop.com\/index.php?rest_route=\/wp\/v2\/types\/product"}],"replies":[{"embeddable":true,"href":"https:\/\/soul2sevenshop.com\/index.php?rest_route=%2Fwp%2Fv2%2Fcomments&post=22481"}],"version-history":[{"count":1,"href":"https:\/\/soul2sevenshop.com\/index.php?rest_route=\/wp\/v2\/product\/22481\/revisions"}],"predecessor-version":[{"id":22483,"href":"https:\/\/soul2sevenshop.com\/index.php?rest_route=\/wp\/v2\/product\/22481\/revisions\/22483"}],"wp:featuredmedia":[{"embeddable":true,"href":"https:\/\/soul2sevenshop.com\/index.php?rest_route=\/wp\/v2\/media\/22460"}],"wp:attachment":[{"href":"https:\/\/soul2sevenshop.com\/index.php?rest_route=%2Fwp%2Fv2%2Fmedia&parent=22481"}],"wp:term":[{"taxonomy":"product_brand","embeddable":true,"href":"https:\/\/soul2sevenshop.com\/index.php?rest_route=%2Fwp%2Fv2%2Fproduct_brand&post=22481"},{"taxonomy":"product_cat","embeddable":true,"href":"https:\/\/soul2sevenshop.com\/index.php?rest_route=%2Fwp%2Fv2%2Fproduct_cat&post=22481"},{"taxonomy":"product_tag","embeddable":true,"href":"https:\/\/soul2sevenshop.com\/index.php?rest_route=%2Fwp%2Fv2%2Fproduct_tag&post=22481"}],"curies":[{"name":"wp","href":"https:\/\/api.w.org\/{rel}","templated":true}]}}